      {"id":821,"date":"2015-09-28T10:40:00","date_gmt":"2015-09-28T08:40:00","guid":{"rendered":"http:\/\/viewstockholm.com\/?page_id=821&#038;lang=sv"},"modified":"2025-06-27T09:18:19","modified_gmt":"2025-06-27T07:18:19","slug":"resa-till-stockholm","status":"publish","type":"page","link":"https:\/\/viewstockholm.com\/sv\/resa-till-stockholm\/","title":{"rendered":"Resa till Stockholm"},"content":{"rendered":"<p>[et_pb_section fb_built=&#8221;1&#8243; _builder_version=&#8221;4.16&#8243; background_image=&#8221;https:\/\/viewstockholm.com\/wp-content\/uploads\/2015\/09\/404-error-background.jpg&#8221; animation_style=&#8221;fade&#8221; animation_duration=&#8221;500ms&#8221; global_colors_info=&#8221;{}&#8221;][et_pb_row _builder_version=&#8221;4.16&#8243; background_size=&#8221;initial&#8221; background_position=&#8221;top_left&#8221; background_repeat=&#8221;repeat&#8221; global_colors_info=&#8221;{}&#8221;][et_pb_column type=&#8221;4_4&#8243; _builder_version=&#8221;4.16&#8243; custom_padding=&#8221;|||&#8221; global_colors_info=&#8221;{}&#8221; custom_padding__hover=&#8221;|||&#8221;][et_pb_text admin_label=&#8221;Title&#8221; _builder_version=&#8221;4.27.4&#8243; header_font=&#8221;&#8211;et_global_heading_font|700|||||||&#8221; header_font_size=&#8221;64px&#8221; text_orientation=&#8221;center&#8221; background_layout=&#8221;dark&#8221; module_alignment=&#8221;center&#8221; hover_enabled=&#8221;0&#8243; border_style=&#8221;solid&#8221; global_colors_info=&#8221;{}&#8221; header_font_size_last_edited=&#8221;on|phone&#8221; sticky_enabled=&#8221;0&#8243; header_font_size_tablet=&#8221;54px&#8221; header_font_size_phone=&#8221;48px&#8221;]<\/p>\n<h1>Resa till Stockholm<\/h1>\n<p>[\/et_pb_text][\/et_pb_column][\/et_pb_row][\/et_pb_section][et_pb_section fb_built=&#8221;1&#8243; _builder_version=&#8221;4.16&#8243; global_colors_info=&#8221;{}&#8221;][et_pb_row custom_padding_last_edited=&#8221;on|desktop&#8221; _builder_version=&#8221;4.27.4&#8243; background_size=&#8221;initial&#8221; background_position=&#8221;top_left&#8221; background_repeat=&#8221;repeat&#8221; custom_padding=&#8221;0px|150px||150px|false|true&#8221; custom_padding_tablet=&#8221;|0px||0px|false|true&#8221; custom_padding_phone=&#8221;|0px||0px|false|true&#8221; hover_enabled=&#8221;0&#8243; global_colors_info=&#8221;{}&#8221; sticky_enabled=&#8221;0&#8243;][et_pb_column type=&#8221;4_4&#8243; _builder_version=&#8221;4.16&#8243; custom_padding=&#8221;|||&#8221; global_colors_info=&#8221;{}&#8221; custom_padding__hover=&#8221;|||&#8221;][et_pb_text _builder_version=&#8221;4.27.4&#8243; header_2_font=&#8221;|700|||||||&#8221; header_2_text_align=&#8221;center&#8221; header_2_font_size=&#8221;34px&#8221; header_2_line_height=&#8221;1.3em&#8221; background_size=&#8221;initial&#8221; background_position=&#8221;top_left&#8221; background_repeat=&#8221;repeat&#8221; hover_enabled=&#8221;0&#8243; global_colors_info=&#8221;{}&#8221; header_2_font_size_last_edited=&#8221;on|phone&#8221; sticky_enabled=&#8221;0&#8243; header_2_font_size_tablet=&#8221;30px&#8221; header_2_font_size_phone=&#8221;26px&#8221;]Stockholm \u00e4r Sveriges huvudstad, och ligger i hj\u00e4rtat av Skandinavien. Staden \u00e4r ocks\u00e5 kulturellt, medialt, politiskt och ekonomiskt centrum i Sverige. Stockholm \u00e4r fr\u00e4mst k\u00e4nd f\u00f6r sin sk\u00f6nhet, byggnaderna och arkitekturen, rent och \u00f6ppet vatten, och de m\u00e5nga parkerna. Med andra ord kommer du att f\u00e5 en upplevelse ut\u00f6ver det vanliga n\u00e4r du kommer p\u00e5 bes\u00f6k.<\/p>\n<p>Och naturligtvis \u00e4r Stockholm l\u00e4tt att ta sig till, det finns m\u00e5nga olika s\u00e4tt att resa hit. Beroende p\u00e5 varifr\u00e5n du reser, avst\u00e5ndet eller det f\u00e4rds\u00e4tt du f\u00f6redrar kan du antingen flyga, \u00e5ka bil, buss, b\u00e5t eller t\u00e5g.<\/p>\n<p>F\u00f6rutom n\u00e4r du reser med flyg, kommer du att anl\u00e4nda i centrala Stockholm d\u00e4r du omedelbart kan k\u00e4nna sorlet och den goda st\u00e4mningen i staden. Och om du kommer till en av flygplatserna kan du snabbt och enkelt ta dig till city med antingen buss, taxi, bil eller t\u00e5g (endast Arlanda). Sammanfattningsvis; det finns alltid ett s\u00e4tt att komma till Stockholm.<\/p>\n<h2>Mer information om att resa till Stockholm<\/h2>\n<p>[\/et_pb_text][\/et_pb_column][\/et_pb_row][et_pb_row column_structure=&#8221;1_3,1_3,1_3&#8243; _builder_version=&#8221;4.27.4&#8243; background_size=&#8221;initial&#8221; background_position=&#8221;top_left&#8221; background_repeat=&#8221;repeat&#8221; hover_enabled=&#8221;0&#8243; global_colors_info=&#8221;{}&#8221; custom_padding=&#8221;0px||||false|false&#8221; sticky_enabled=&#8221;0&#8243;][et_pb_column type=&#8221;1_3&#8243; _builder_version=&#8221;4.16&#8243; custom_padding=&#8221;|||&#8221; global_colors_info=&#8221;{}&#8221; custom_padding__hover=&#8221;|||&#8221;][et_pb_blurb title=&#8221;Resa till Stockholm med flyg&#8221; url=&#8221;https:\/\/viewstockholm.com\/sv\/resa-till-stockholm-med-flyg\/&#8221; image=&#8221;https:\/\/viewstockholm.com\/wp-content\/uploads\/2015\/09\/travel-stockholm-airplane.jpg&#8221; admin_label=&#8221;Flyg&#8221; _builder_version=&#8221;4.24.3&#8243; _module_preset=&#8221;default&#8221; header_font=&#8221;|700|||||||&#8221; header_font_size=&#8221;22px&#8221; header_line_height=&#8221;1.1em&#8221; text_orientation=&#8221;center&#8221; custom_margin_tablet=&#8221;|20px|||false|false&#8221; custom_margin_phone=&#8221;|0px|||false|false&#8221; custom_margin_last_edited=&#8221;on|desktop&#8221; custom_padding=&#8221;||20px||false|false&#8221; animation=&#8221;off&#8221; link_option_url=&#8221;https:\/\/viewstockholm.com\/sv\/resa-till-stockholm-med-flyg\/&#8221; header_font_size_tablet=&#8221;20px&#8221; header_font_size_phone=&#8221;20px&#8221; header_font_size_last_edited=&#8221;on|desktop&#8221; custom_css_blurb_title=&#8221;padding-left: 20px;||padding-right: 20px;||margin-top: -10px;||margin-bottom: -5px;&#8221; border_radii=&#8221;on|10px|10px|10px|10px&#8221; box_shadow_style=&#8221;preset1&#8243; box_shadow_blur=&#8221;40px&#8221; box_shadow_color=&#8221;rgba(0,0,0,0.15)&#8221; global_colors_info=&#8221;{}&#8221; image_icon_background_color__hover_enabled=&#8221;off|hover&#8221;][\/et_pb_blurb][\/et_pb_column][et_pb_column type=&#8221;1_3&#8243; _builder_version=&#8221;4.16&#8243; custom_padding=&#8221;|||&#8221; global_colors_info=&#8221;{}&#8221; custom_padding__hover=&#8221;|||&#8221;][et_pb_blurb title=&#8221;Resa till Stockholm med buss&#8221; url=&#8221;https:\/\/viewstockholm.com\/sv\/resa-till-stockholm-med-buss\/&#8221; image=&#8221;https:\/\/viewstockholm.com\/wp-content\/uploads\/2015\/09\/travel-stockholm-bus.jpg&#8221; alt=&#8221;Travel to Stockholm by bus&#8221; admin_label=&#8221;Buss&#8221; _builder_version=&#8221;4.24.3&#8243; _module_preset=&#8221;default&#8221; header_font=&#8221;|700|||||||&#8221; header_font_size=&#8221;22px&#8221; header_line_height=&#8221;1.1em&#8221; text_orientation=&#8221;center&#8221; custom_margin_tablet=&#8221;|20px|||false|false&#8221; custom_margin_phone=&#8221;|0px|||false|false&#8221; custom_margin_last_edited=&#8221;on|desktop&#8221; custom_padding=&#8221;||20px||false|false&#8221; animation=&#8221;off&#8221; link_option_url=&#8221;https:\/\/viewstockholm.com\/sv\/resa-till-stockholm-med-buss\/&#8221; header_font_size_tablet=&#8221;20px&#8221; header_font_size_phone=&#8221;20px&#8221; header_font_size_last_edited=&#8221;on|desktop&#8221; custom_css_blurb_title=&#8221;padding-left: 15px;||padding-right: 15px;||margin-top: -10px;||margin-bottom: -5px;&#8221; border_radii=&#8221;on|10px|10px|10px|10px&#8221; box_shadow_style=&#8221;preset1&#8243; box_shadow_blur=&#8221;40px&#8221; box_shadow_color=&#8221;rgba(0,0,0,0.15)&#8221; global_colors_info=&#8221;{}&#8221; image_icon_background_color__hover_enabled=&#8221;off|hover&#8221;][\/et_pb_blurb][\/et_pb_column][et_pb_column type=&#8221;1_3&#8243; _builder_version=&#8221;4.16&#8243; custom_padding=&#8221;|||&#8221; global_colors_info=&#8221;{}&#8221; custom_padding__hover=&#8221;|||&#8221;][et_pb_blurb title=&#8221;Resa till Stockholm med b\u00e5t&#8221; url=&#8221;https:\/\/viewstockholm.com\/sv\/resa-till-stockholm-med-bat\/&#8221; image=&#8221;https:\/\/viewstockholm.com\/wp-content\/uploads\/2015\/09\/travel-stockholm-boat.jpg&#8221; alt=&#8221;Travel to Stockholm by bus&#8221; admin_label=&#8221;B\u00e5t&#8221; _builder_version=&#8221;4.24.3&#8243; _module_preset=&#8221;default&#8221; header_font=&#8221;|700|||||||&#8221; header_font_size=&#8221;22px&#8221; header_line_height=&#8221;1.1em&#8221; text_orientation=&#8221;center&#8221; custom_margin_tablet=&#8221;|20px|||false|false&#8221; custom_margin_phone=&#8221;|0px|||false|false&#8221; custom_margin_last_edited=&#8221;on|desktop&#8221; custom_padding=&#8221;||20px||false|false&#8221; animation=&#8221;off&#8221; link_option_url=&#8221;https:\/\/viewstockholm.com\/sv\/resa-till-stockholm-med-bat\/&#8221; header_font_size_tablet=&#8221;20px&#8221; header_font_size_phone=&#8221;20px&#8221; header_font_size_last_edited=&#8221;on|desktop&#8221; custom_css_blurb_title=&#8221;padding-left: 20px;||padding-right: 20px;||margin-top: -10px;||margin-bottom: -5px;&#8221; border_radii=&#8221;on|10px|10px|10px|10px&#8221; box_shadow_style=&#8221;preset1&#8243; box_shadow_blur=&#8221;40px&#8221; box_shadow_color=&#8221;rgba(0,0,0,0.15)&#8221; global_colors_info=&#8221;{}&#8221; image_icon_background_color__hover_enabled=&#8221;off|hover&#8221;][\/et_pb_blurb][\/et_pb_column][\/et_pb_row][et_pb_row column_structure=&#8221;1_3,1_3,1_3&#8243; _builder_version=&#8221;4.16&#8243; background_size=&#8221;initial&#8221; background_position=&#8221;top_left&#8221; background_repeat=&#8221;repeat&#8221; global_colors_info=&#8221;{}&#8221;][et_pb_column type=&#8221;1_3&#8243; _builder_version=&#8221;4.16&#8243; custom_padding=&#8221;|||&#8221; global_colors_info=&#8221;{}&#8221; custom_padding__hover=&#8221;|||&#8221;][et_pb_blurb title=&#8221;Resa till Stockholm med t\u00e5g&#8221; url=&#8221;https:\/\/viewstockholm.com\/sv\/resa-till-stockholm-med-tag\/&#8221; image=&#8221;https:\/\/viewstockholm.com\/wp-content\/uploads\/2015\/09\/travel-stockholm-train.jpg&#8221; alt=&#8221;Travel to Stockholm by train&#8221; admin_label=&#8221;T\u00e5g&#8221; _builder_version=&#8221;4.24.3&#8243; _module_preset=&#8221;default&#8221; header_font=&#8221;|700|||||||&#8221; header_font_size=&#8221;22px&#8221; header_line_height=&#8221;1.1em&#8221; text_orientation=&#8221;center&#8221; custom_margin_tablet=&#8221;|20px|||false|false&#8221; custom_margin_phone=&#8221;|0px|||false|false&#8221; custom_margin_last_edited=&#8221;on|desktop&#8221; custom_padding=&#8221;||20px||false|false&#8221; animation=&#8221;off&#8221; link_option_url=&#8221;https:\/\/viewstockholm.com\/sv\/resa-till-stockholm-med-tag\/&#8221; header_font_size_tablet=&#8221;20px&#8221; header_font_size_phone=&#8221;20px&#8221; header_font_size_last_edited=&#8221;on|desktop&#8221; custom_css_blurb_title=&#8221;padding-left: 20px;||padding-right: 20px;||margin-top: -10px;||margin-bottom: -5px;&#8221; border_radii=&#8221;on|10px|10px|10px|10px&#8221; box_shadow_style=&#8221;preset1&#8243; box_shadow_blur=&#8221;40px&#8221; box_shadow_color=&#8221;rgba(0,0,0,0.15)&#8221; global_colors_info=&#8221;{}&#8221; image_icon_background_color__hover_enabled=&#8221;off|hover&#8221;][\/et_pb_blurb][\/et_pb_column][et_pb_column type=&#8221;1_3&#8243; _builder_version=&#8221;4.16&#8243; custom_padding=&#8221;|||&#8221; global_colors_info=&#8221;{}&#8221; custom_padding__hover=&#8221;|||&#8221;][et_pb_blurb title=&#8221;Resa till Stockholm med bil&#8221; url=&#8221;https:\/\/viewstockholm.com\/sv\/resa-till-stockholm-med-bil\/&#8221; image=&#8221;https:\/\/viewstockholm.com\/wp-content\/uploads\/2015\/09\/travel-stockholm-car.jpg&#8221; alt=&#8221;Travel to Stockholm by car&#8221; admin_label=&#8221;Bil&#8221; _builder_version=&#8221;4.24.3&#8243; _module_preset=&#8221;default&#8221; header_font=&#8221;|700|||||||&#8221; header_font_size=&#8221;22px&#8221; header_line_height=&#8221;1.1em&#8221; text_orientation=&#8221;center&#8221; custom_margin_tablet=&#8221;|20px|||false|false&#8221; custom_margin_phone=&#8221;|0px|||false|false&#8221; custom_margin_last_edited=&#8221;on|desktop&#8221; custom_padding=&#8221;||20px||false|false&#8221; animation=&#8221;off&#8221; link_option_url=&#8221;https:\/\/viewstockholm.com\/sv\/resa-till-stockholm-med-bil\/&#8221; header_font_size_tablet=&#8221;20px&#8221; header_font_size_phone=&#8221;20px&#8221; header_font_size_last_edited=&#8221;on|desktop&#8221; custom_css_blurb_title=&#8221;padding-left: 20px;||padding-right: 20px;||margin-top: -10px;||margin-bottom: -5px;&#8221; border_radii=&#8221;on|10px|10px|10px|10px&#8221; box_shadow_style=&#8221;preset1&#8243; box_shadow_blur=&#8221;40px&#8221; box_shadow_color=&#8221;rgba(0,0,0,0.15)&#8221; global_colors_info=&#8221;{}&#8221; image_icon_background_color__hover_enabled=&#8221;off|hover&#8221;][\/et_pb_blurb][\/et_pb_column][et_pb_column type=&#8221;1_3&#8243; _builder_version=&#8221;4.16&#8243; custom_padding=&#8221;|||&#8221; global_colors_info=&#8221;{}&#8221; custom_padding__hover=&#8221;|||&#8221;][\/et_pb_column][\/et_pb_row][\/et_pb_section]<\/p>\n","protected":false},"excerpt":{"rendered":"<p>Resa till StockholmStockholm \u00e4r Sveriges huvudstad, och ligger i hj\u00e4rtat av Skandinavien. Staden \u00e4r ocks\u00e5 kulturellt, medialt, politiskt och ekonomiskt [&hellip;]<\/p>\n","protected":false},"author":2,"featured_media":21200,"parent":0,"menu_order":0,"comment_status":"closed","ping_status":"closed","template":"","meta":{"_et_pb_use_builder":"on","_et_pb_old_content":"Stockholm is the capital of Sweden, located in the heart of Scandinavia. The city is also the cultural, media, political, and economic center of Sweden. Stockholm is primarily known for its beauty, its buildings and architecture, its abundant clean and open water, and its many parks. In other words, you will get an extraordinary experience when you visit.\r\n\r\nAnd of course Stockholm is easy to access; there are many different ways to travel here. Depending on your location, distance or preferences you can either fly or go by car, bus, boat or train.\r\n\r\nExcept when you travel by airplane, you will arrive in the centre of Stockholm where you can instantly feel the buzz and great atmosphere of the city. And if you arrive to one of the airports you can quickly and easily get to the city either by bus, taxi, car, or train (only Arlanda). In conclusion; there is always a way to get to Stockholm.","_et_gb_content_width":"","_lmt_disableupdate":"no","_lmt_disable":"","footnotes":""},"class_list":["post-821","page","type-page","status-publish","has-post-thumbnail","hentry"],"acf":[],"_links":{"self":[{"href":"https:\/\/viewstockholm.com\/sv\/wp-json\/wp\/v2\/pages\/821","targetHints":{"allow":["GET"]}}],"collection":[{"href":"https:\/\/viewstockholm.com\/sv\/wp-json\/wp\/v2\/pages"}],"about":[{"href":"https:\/\/viewstockholm.com\/sv\/wp-json\/wp\/v2\/types\/page"}],"author":[{"embeddable":true,"href":"https:\/\/viewstockholm.com\/sv\/wp-json\/wp\/v2\/users\/2"}],"replies":[{"embeddable":true,"href":"https:\/\/viewstockholm.com\/sv\/wp-json\/wp\/v2\/comments?post=821"}],"version-history":[{"count":2,"href":"https:\/\/viewstockholm.com\/sv\/wp-json\/wp\/v2\/pages\/821\/revisions"}],"predecessor-version":[{"id":261422,"href":"https:\/\/viewstockholm.com\/sv\/wp-json\/wp\/v2\/pages\/821\/revisions\/261422"}],"wp:featuredmedia":[{"embeddable":true,"href":"https:\/\/viewstockholm.com\/sv\/wp-json\/wp\/v2\/media\/21200"}],"wp:attachment":[{"href":"https:\/\/viewstockholm.com\/sv\/wp-json\/wp\/v2\/media?parent=821"}],"curies":[{"name":"wp","href":"https:\/\/api.w.org\/{rel}","templated":true}]}}