      {"id":817,"date":"2015-09-28T10:21:09","date_gmt":"2015-09-28T08:21:09","guid":{"rendered":"http:\/\/viewstockholm.com\/?page_id=817&#038;lang=sv"},"modified":"2024-04-12T22:55:43","modified_gmt":"2024-04-12T20:55:43","slug":"resa-till-stockholm-med-tag","status":"publish","type":"page","link":"https:\/\/viewstockholm.com\/sv\/resa-till-stockholm-med-tag\/","title":{"rendered":"Resa till Stockholm med t\u00e5g"},"content":{"rendered":"<p>[et_pb_section fb_built=&#8221;1&#8243; _builder_version=&#8221;4.24.3&#8243; background_image=&#8221;https:\/\/viewstockholm.com\/wp-content\/uploads\/2015\/09\/travel-stockholm-train-header.jpg&#8221; animation_style=&#8221;fade&#8221; animation_duration=&#8221;500ms&#8221; global_colors_info=&#8221;{}&#8221;][et_pb_row _builder_version=&#8221;4.16&#8243; background_size=&#8221;initial&#8221; background_position=&#8221;top_left&#8221; background_repeat=&#8221;repeat&#8221; global_colors_info=&#8221;{}&#8221;][et_pb_column type=&#8221;4_4&#8243; _builder_version=&#8221;4.16&#8243; custom_padding=&#8221;|||&#8221; global_colors_info=&#8221;{}&#8221; custom_padding__hover=&#8221;|||&#8221;][et_pb_text _builder_version=&#8221;4.24.3&#8243; header_font=&#8221;Playfair Display|on|||&#8221; header_font_size=&#8221;60px&#8221; text_orientation=&#8221;center&#8221; background_layout=&#8221;dark&#8221; module_alignment=&#8221;center&#8221; custom_padding=&#8221;30px||30px|&#8221; hover_enabled=&#8221;0&#8243; border_style=&#8221;solid&#8221; global_colors_info=&#8221;{}&#8221; sticky_enabled=&#8221;0&#8243;]<\/p>\n<h1>Resa till Stockholm med t\u00e5g<\/h1>\n<p>[\/et_pb_text][\/et_pb_column][\/et_pb_row][\/et_pb_section][et_pb_section fb_built=&#8221;1&#8243; _builder_version=&#8221;4.16&#8243; global_colors_info=&#8221;{}&#8221;][et_pb_row custom_padding_last_edited=&#8221;on|phone&#8221; _builder_version=&#8221;4.16&#8243; custom_padding=&#8221;|150px||150px&#8221; custom_padding_tablet=&#8221;|0px||0px&#8221; custom_padding_phone=&#8221;&#8221; global_colors_info=&#8221;{}&#8221;][et_pb_column type=&#8221;4_4&#8243; _builder_version=&#8221;4.16&#8243; background_position=&#8221;top_left&#8221; custom_padding=&#8221;|||&#8221; global_colors_info=&#8221;{}&#8221; custom_padding__hover=&#8221;|||&#8221;][et_pb_text admin_label=&#8221;Intro&#8221; module_class=&#8221;content&#8221; _builder_version=&#8221;4.24.3&#8243; header_font=&#8221;|on|||&#8221; header_font_size=&#8221;48px&#8221; header_2_font=&#8221;|700||on|||||&#8221; header_2_text_align=&#8221;center&#8221; header_2_font_size=&#8221;28px&#8221; header_2_line_height=&#8221;1.3em&#8221; header_3_font=&#8221;|800||on|||||&#8221; header_3_text_align=&#8221;center&#8221; header_3_font_size=&#8221;20px&#8221; header_3_letter_spacing=&#8221;2px&#8221; header_3_line_height=&#8221;1.3em&#8221; header_5_font=&#8221;|700|||||||&#8221; header_5_font_size=&#8221;20px&#8221; module_alignment=&#8221;center&#8221; hover_enabled=&#8221;0&#8243; header_2_font_size_tablet=&#8221;28px&#8221; header_2_font_size_phone=&#8221;24px&#8221; header_2_font_size_last_edited=&#8221;on|desktop&#8221; border_style=&#8221;solid&#8221; global_colors_info=&#8221;{}&#8221; sticky_enabled=&#8221;0&#8243;]<\/p>\n<p>Numera \u00e4r det enkelt att ta sig till Stockholm med t\u00e5g fr\u00e5n Europa, och en stor anledning till detta \u00e4r \u00d6resundsbron som f\u00f6rbinder Sverige och Danmark. De flesta av de l\u00e5ngv\u00e4ga nationella och internationella rutterna k\u00f6rs av <strong>SJ<\/strong>, exempelvis t\u00e5g till K\u00f6penhamn och Oslo. SJ:s expresst\u00e5g X2000 \u00e5ker fr\u00e5n Malm\u00f6 till Stockholm p\u00e5 cirka 4,5 timmar. Om du reser fr\u00e5n G\u00f6teborg \u00e4r restiden ca 3 timmar.<\/p>\n<p>Anv\u00e4nd SJ:s webbplats <a href=\"https:\/\/www.sj.se\" target=\"_blank\" rel=\"noopener nofollow\">sj.se<\/a> f\u00f6r att se tidtabeller, kolla priser, k\u00f6pa biljetter och hitta annan v\u00e4rdefull information om din resa.<\/p>\n<p>Om du vill \u00e5ka t\u00e5g till Stockholm fr\u00e5n G\u00f6teborg \u00e4r <strong>MTRX<\/strong> ocks\u00e5 ett alternativ. L\u00e4s mer p\u00e5 <a href=\"https:\/\/mtrx.travel\" target=\"_blank\" rel=\"noopener nofollow\">mtrx.travel<\/a>.<\/p>\n<p>[\/et_pb_text][\/et_pb_column][\/et_pb_row][\/et_pb_section][et_pb_section fb_built=&#8221;1&#8243; _builder_version=&#8221;4.24.3&#8243; custom_padding=&#8221;0px||||false|false&#8221; global_colors_info=&#8221;{}&#8221;][et_pb_row custom_padding_last_edited=&#8221;on|phone&#8221; _builder_version=&#8221;4.24.3&#8243; custom_padding=&#8221;|150px||150px&#8221; custom_padding_tablet=&#8221;|0px||0px&#8221; custom_padding_phone=&#8221;&#8221; global_colors_info=&#8221;{}&#8221;][et_pb_column type=&#8221;4_4&#8243; _builder_version=&#8221;4.16&#8243; background_position=&#8221;top_left&#8221; custom_padding=&#8221;|||&#8221; global_colors_info=&#8221;{}&#8221; custom_padding__hover=&#8221;|||&#8221;][et_pb_icon font_icon=&#8221;&#xf239;||fa||900&#8243; icon_width=&#8221;64px&#8221; _builder_version=&#8221;4.24.3&#8243; _module_preset=&#8221;default&#8221; global_colors_info=&#8221;{}&#8221;][\/et_pb_icon][et_pb_text admin_label=&#8221;Centralstationen&#8221; module_class=&#8221;content&#8221; _builder_version=&#8221;4.24.3&#8243; header_font=&#8221;|on|||&#8221; header_font_size=&#8221;48px&#8221; header_2_font=&#8221;|700||on|||||&#8221; header_2_text_align=&#8221;center&#8221; header_2_font_size=&#8221;28px&#8221; header_2_line_height=&#8221;1.3em&#8221; header_3_font=&#8221;|800|||||||&#8221; header_3_font_size=&#8221;20px&#8221; header_5_font=&#8221;|700|||||||&#8221; header_5_font_size=&#8221;20px&#8221; module_alignment=&#8221;center&#8221; hover_enabled=&#8221;0&#8243; header_2_font_size_tablet=&#8221;28px&#8221; header_2_font_size_phone=&#8221;24px&#8221; header_2_font_size_last_edited=&#8221;on|desktop&#8221; border_style=&#8221;solid&#8221; global_colors_info=&#8221;{}&#8221; sticky_enabled=&#8221;0&#8243;]<\/p>\n<h2>Centralstationen<\/h2>\n<p>Stockholms centralstation (som i folkmun kallas centralstationen eller det mer vardagliga \u201dcentralen\u201d) \u00e4r den st\u00f6rsta j\u00e4rnv\u00e4gsstationen i Sverige. Huvudentr\u00e9n \u00e4r fr\u00e5n Vasagatan och sedan 1871 har detta varit det naturliga navet f\u00f6r personer som reser till och fr\u00e5n Stockholm. Oavsett om du reser lokalt eller l\u00e5ngv\u00e4ga, avg\u00e5r eller anl\u00e4nder ditt t\u00e5g p\u00e5 Centralstationen. <\/p>\n<p>Och eftersom Stockholms st\u00f6rsta busstation Cityterminalen, tunnelbanan och pendelt\u00e5gen ligger i anslutning, kan du enkelt forts\u00e4tta din resa. Strax utanf\u00f6r t\u00e5gstationen kan du ocks\u00e5 ta bussar till exempelvis Djurg\u00e5rden.<\/p>\n<h3>Ska du till Arlanda flygplats?<\/h3>\n<p>Om du ska till Arlanda flygplats avg\u00e5r expresst\u00e5get Arlanda Express fr\u00e5n centralstationen. Det g\u00f6r \u00e4ven Flygbussarna (fr\u00e5n Cityterminalen).<\/p>\n<h3>Allt du beh\u00f6ver<\/h3>\n<p>Inne i stationshallen hittar du biljettf\u00f6rs\u00e4ljning f\u00f6r t\u00e5g, bussar och tunnelbana, v\u00e4xlingskontor, banker, en polisstation, bankomater, f\u00f6rvaringssk\u00e5p, internet och andra bekv\u00e4mligheter. Det finns ocks\u00e5 mer \u00e4n 60 butiker, restauranger och butiker, bland annat 7-Eleven, COOP, Lindex, McDonalds, Pocket Shop, Starbucks, ICA To Go, The Body Shop och Burger King. Med andra ord kan du hitta allt du beh\u00f6ver p\u00e5 Stockholms centralstation.[\/et_pb_text][\/et_pb_column][\/et_pb_row][\/et_pb_section][et_pb_section fb_built=&#8221;1&#8243; _builder_version=&#8221;4.16&#8243; global_colors_info=&#8221;{}&#8221; theme_builder_area=&#8221;post_content&#8221;][et_pb_row _builder_version=&#8221;4.16&#8243; custom_margin=&#8221;-60px|||&#8221; global_colors_info=&#8221;{}&#8221; theme_builder_area=&#8221;post_content&#8221;][et_pb_column type=&#8221;4_4&#8243; _builder_version=&#8221;4.16&#8243; background_position=&#8221;top_left&#8221; custom_padding=&#8221;|||&#8221; global_colors_info=&#8221;{}&#8221; custom_padding__hover=&#8221;|||&#8221; theme_builder_area=&#8221;post_content&#8221;][et_pb_text admin_label=&#8221;More travel information&#8221; _builder_version=&#8221;4.24.3&#8243; header_font=&#8221;|on|||&#8221; header_font_size=&#8221;48px&#8221; header_2_font=&#8221;|800||on|||||&#8221; header_2_font_size=&#8221;20px&#8221; header_2_letter_spacing=&#8221;2px&#8221; header_2_line_height=&#8221;1.3em&#8221; text_orientation=&#8221;center&#8221; module_alignment=&#8221;center&#8221; header_2_font_size_last_edited=&#8221;off|phone&#8221; border_style=&#8221;solid&#8221; global_colors_info=&#8221;{}&#8221; theme_builder_area=&#8221;post_content&#8221;]<img decoding=\"async\" style=\"padding-top: 30px;\" class=\"aligncenter size-full\" src=\"https:\/\/emvwr2994ad.exactdn.com\/wp-content\/uploads\/2019\/01\/wave-line-blue.svg\" width=\"200\" \/><\/p>\n<h2>Mer reseinformation<\/h2>\n<p>[\/et_pb_text][\/et_pb_column][\/et_pb_row][et_pb_row column_structure=&#8221;1_2,1_2&#8243; use_custom_gutter=&#8221;on&#8221; gutter_width=&#8221;4&#8243; custom_padding_last_edited=&#8221;on|desktop&#8221; _builder_version=&#8221;4.24.3&#8243; background_size=&#8221;initial&#8221; background_position=&#8221;top_left&#8221; background_repeat=&#8221;repeat&#8221; custom_padding=&#8221;|150px||150px|false|true&#8221; custom_padding_tablet=&#8221;|0px||0px|false|true&#8221; custom_padding_phone=&#8221;|30px||30px|false|true&#8221; global_colors_info=&#8221;{}&#8221; theme_builder_area=&#8221;post_content&#8221;][et_pb_column type=&#8221;1_2&#8243; _builder_version=&#8221;4.16&#8243; custom_padding=&#8221;|||&#8221; global_colors_info=&#8221;{}&#8221; custom_padding__hover=&#8221;|||&#8221; theme_builder_area=&#8221;post_content&#8221;][et_pb_blurb title=&#8221;Resa till Stockholm med flyg&#8221; url=&#8221;https:\/\/viewstockholm.com\/resa-till-stockholm-med-flyg\/&#8221; image=&#8221;https:\/\/viewstockholm.com\/wp-content\/uploads\/2015\/09\/travel-stockholm-airplane.jpg&#8221; alt=&#8221;Travel to Stockholm by airplane&#8221; admin_label=&#8221;Airplane&#8221; _builder_version=&#8221;4.24.3&#8243; _module_preset=&#8221;default&#8221; header_font=&#8221;|700|||||||&#8221; header_font_size=&#8221;22px&#8221; header_line_height=&#8221;1.1em&#8221; text_orientation=&#8221;center&#8221; custom_margin=&#8221;||50px||false|false&#8221; custom_margin_tablet=&#8221;|20px|||false|false&#8221; custom_margin_phone=&#8221;|0px|||false|false&#8221; custom_margin_last_edited=&#8221;off|desktop&#8221; custom_padding=&#8221;||20px||false|false&#8221; animation=&#8221;off&#8221; link_option_url=&#8221;https:\/\/viewstockholm.com\/resa-till-stockholm-med-flyg\/&#8221; header_font_size_tablet=&#8221;20px&#8221; header_font_size_phone=&#8221;20px&#8221; header_font_size_last_edited=&#8221;on|desktop&#8221; custom_css_blurb_title=&#8221;padding-left: 20px;||padding-right: 20px;||margin-top: -10px;||margin-bottom: -5px;&#8221; border_radii=&#8221;on|10px|10px|10px|10px&#8221; box_shadow_style=&#8221;preset1&#8243; box_shadow_blur=&#8221;40px&#8221; box_shadow_color=&#8221;rgba(0,0,0,0.15)&#8221; global_colors_info=&#8221;{}&#8221; image_icon_background_color__hover_enabled=&#8221;off|hover&#8221; theme_builder_area=&#8221;post_content&#8221;][\/et_pb_blurb][et_pb_blurb title=&#8221;Resa till Stockholm med buss&#8221; url=&#8221;https:\/\/viewstockholm.com\/resa-till-stockholm-med-buss\/&#8221; image=&#8221;https:\/\/viewstockholm.com\/wp-content\/uploads\/2015\/09\/travel-stockholm-bus.jpg&#8221; alt=&#8221;Travel to Stockholm by bus&#8221; admin_label=&#8221;Bus&#8221; _builder_version=&#8221;4.24.3&#8243; _module_preset=&#8221;default&#8221; header_font=&#8221;|700|||||||&#8221; header_font_size=&#8221;22px&#8221; header_line_height=&#8221;1.1em&#8221; text_orientation=&#8221;center&#8221; custom_margin=&#8221;||50px||false|false&#8221; custom_margin_tablet=&#8221;|20px|||false|false&#8221; custom_margin_phone=&#8221;|0px|||false|false&#8221; custom_margin_last_edited=&#8221;off|desktop&#8221; custom_padding=&#8221;||20px||false|false&#8221; animation=&#8221;off&#8221; link_option_url=&#8221;https:\/\/viewstockholm.com\/resa-till-stockholm-med-buss\/&#8221; header_font_size_tablet=&#8221;20px&#8221; header_font_size_phone=&#8221;20px&#8221; header_font_size_last_edited=&#8221;on|desktop&#8221; custom_css_blurb_title=&#8221;padding-left: 20px;||padding-right: 20px;||margin-top: -10px;||margin-bottom: -5px;&#8221; border_radii=&#8221;on|10px|10px|10px|10px&#8221; box_shadow_style=&#8221;preset1&#8243; box_shadow_blur=&#8221;40px&#8221; box_shadow_color=&#8221;rgba(0,0,0,0.15)&#8221; global_colors_info=&#8221;{}&#8221; image_icon_background_color__hover_enabled=&#8221;off|hover&#8221; theme_builder_area=&#8221;post_content&#8221;][\/et_pb_blurb][\/et_pb_column][et_pb_column type=&#8221;1_2&#8243; _builder_version=&#8221;4.16&#8243; custom_padding=&#8221;|||&#8221; global_colors_info=&#8221;{}&#8221; custom_padding__hover=&#8221;|||&#8221; theme_builder_area=&#8221;post_content&#8221;][et_pb_blurb title=&#8221;Resa till Stockholm med b\u00e5t&#8221; url=&#8221;https:\/\/viewstockholm.com\/resa-till-stockholm-med-bat\/&#8221; image=&#8221;https:\/\/viewstockholm.com\/wp-content\/uploads\/2015\/09\/travel-stockholm-boat.jpg&#8221; alt=&#8221;Travel to Stockholm by boat&#8221; admin_label=&#8221;Boat&#8221; _builder_version=&#8221;4.24.3&#8243; _module_preset=&#8221;default&#8221; header_font=&#8221;|700|||||||&#8221; header_font_size=&#8221;22px&#8221; header_line_height=&#8221;1.1em&#8221; text_orientation=&#8221;center&#8221; custom_margin=&#8221;||50px||false|false&#8221; custom_margin_tablet=&#8221;|20px|||false|false&#8221; custom_margin_phone=&#8221;|0px|||false|false&#8221; custom_margin_last_edited=&#8221;off|desktop&#8221; custom_padding=&#8221;||20px||false|false&#8221; animation=&#8221;off&#8221; link_option_url=&#8221;https:\/\/viewstockholm.com\/resa-till-stockholm-med-bat\/&#8221; hover_enabled=&#8221;0&#8243; header_font_size_tablet=&#8221;20px&#8221; header_font_size_phone=&#8221;20px&#8221; header_font_size_last_edited=&#8221;on|desktop&#8221; custom_css_blurb_title=&#8221;padding-left: 20px;||padding-right: 20px;||margin-top: -10px;||margin-bottom: -5px;&#8221; border_radii=&#8221;on|10px|10px|10px|10px&#8221; box_shadow_style=&#8221;preset1&#8243; box_shadow_blur=&#8221;40px&#8221; box_shadow_color=&#8221;rgba(0,0,0,0.15)&#8221; global_colors_info=&#8221;{}&#8221; image_icon_background_color__hover_enabled=&#8221;off|hover&#8221; theme_builder_area=&#8221;post_content&#8221; sticky_enabled=&#8221;0&#8243;][\/et_pb_blurb][et_pb_blurb title=&#8221;Resa till Stockholm med bil&#8221; url=&#8221;https:\/\/viewstockholm.com\/resa-till-stockholm-med-bil\/&#8221; image=&#8221;https:\/\/viewstockholm.com\/wp-content\/uploads\/2015\/09\/travel-stockholm-car.jpg&#8221; alt=&#8221;Travel to Stockholm by car&#8221; admin_label=&#8221;Car&#8221; _builder_version=&#8221;4.24.3&#8243; _module_preset=&#8221;default&#8221; header_font=&#8221;|700|||||||&#8221; header_font_size=&#8221;22px&#8221; header_line_height=&#8221;1.1em&#8221; text_orientation=&#8221;center&#8221; custom_margin=&#8221;||||false|false&#8221; custom_margin_tablet=&#8221;|20px|||false|false&#8221; custom_margin_phone=&#8221;|0px|||false|false&#8221; custom_margin_last_edited=&#8221;off|desktop&#8221; custom_padding=&#8221;||20px||false|false&#8221; animation=&#8221;off&#8221; link_option_url=&#8221;https:\/\/viewstockholm.com\/resa-till-stockholm-med-bil\/&#8221; header_font_size_tablet=&#8221;20px&#8221; header_font_size_phone=&#8221;20px&#8221; header_font_size_last_edited=&#8221;on|desktop&#8221; custom_css_blurb_title=&#8221;padding-left: 20px;||padding-right: 20px;||margin-top: -10px;||margin-bottom: -5px;&#8221; border_radii=&#8221;on|10px|10px|10px|10px&#8221; box_shadow_style=&#8221;preset1&#8243; box_shadow_blur=&#8221;40px&#8221; box_shadow_color=&#8221;rgba(0,0,0,0.15)&#8221; global_colors_info=&#8221;{}&#8221; image_icon_background_color__hover_enabled=&#8221;off|hover&#8221; theme_builder_area=&#8221;post_content&#8221;][\/et_pb_blurb][\/et_pb_column][\/et_pb_row][\/et_pb_section]<\/p>\n","protected":false},"excerpt":{"rendered":"<p>Resa till Stockholm med t\u00e5gNumera \u00e4r det enkelt att ta sig till Stockholm med t\u00e5g fr\u00e5n Europa, och en stor [&hellip;]<\/p>\n","protected":false},"author":2,"featured_media":21204,"parent":0,"menu_order":0,"comment_status":"closed","ping_status":"closed","template":"","meta":{"_et_pb_use_builder":"on","_et_pb_old_content":"<p>Nowadays getting to Stockholm by train from Europe, and a big reason for this is \u00d6resundsbron which connects Sweden and Denmark. Most of the long-distance domestic and international routes are operated by SJ, Sweden\u2019s state-owned rail company, for example routes to Copenhagen and Oslo.<\/p><p>SJ's express train is called X2000 and going from Malm\u00f6 in the south of Sweden to Stockholm takes approximately 4.5 hours. If you travel from Gothenburg in the west coast the travel time is about 3 hours.<\/p><p>Use SJ's website <a href=\"http:\/\/www.sj.se\/start\/startpage\/index.form?l=en\" target=\"_blank\" rel=\"noopener\">sj.se<\/a> to view schedules, check prices, buy tickets for the trains, and find other valuable information about your trip.<\/p><h2>Centralstationen (Stockholm Central Station)<\/h2><p>Stockholm Central Station (in Swedish called Centralstationen or the more mundane \u201cCentralen) is the largest railway station in Sweden. The main entrance is from Vasagatan and since 1871 it has been the natural hub for people travelling to and from Stockholm. Whether you are travelling local or long-distance, your train departs or arrives at the Central Station. And since Stockholm\u2019s main bus station Cityterminalen is right next door and the underground and commuter train system only a short walk away, you can easily continue your trip. Just outside you can also catch a bus to Djurg\u00e5rden, for example.<\/p><p><strong>Going to Arlanda Airport?<\/strong><br \/> If you are going to Arlanda Airport the express train \"Arlanda Express\" departs from the Central Station. As does the airport coaches Flygbussarna.<\/p><p><strong>Everything you need<\/strong><br \/> Inside the station hall you can find ticket sales for trains, buses and underground, exchanges offices, banks, a police station, ATMs, lockers, internet, and other public conveniences. You can also find over 60 shops, restaurants and shops including 7-Eleven, COOP, Lindex, McDonalds, Pocket Shop, Starbucks, ICA To Go, The Body Shop and Burger King. In other words you can find everything you need at Stockholm Central Station.<\/p><hr \/><h2>More travel information<\/h2><p><a href=\"http:\/\/viewstockholm.com\/arrival-to-stockholm-by-airplane\/\">Arrival to Stockholm by airplane >><\/a><\/p><p><a href=\"http:\/\/viewstockholm.com\/arrival-to-stockholm-by-bus\/\">Arrival to Stockholm by bus >><\/a><\/p><p><a href=\"http:\/\/viewstockholm.com\/arrival-to-stockholm-by-boat\/\">Arrival to Stockholm by boat >><\/a><\/p><p><a href=\"http:\/\/viewstockholm.com\/arrival-to-stockholm-by-car\/\">Arrival to Stockholm by car >><\/a><\/p>","_et_gb_content_width":"","_lmt_disableupdate":"no","_lmt_disable":"","footnotes":""},"class_list":["post-817","page","type-page","status-publish","has-post-thumbnail","hentry"],"acf":[],"_links":{"self":[{"href":"https:\/\/viewstockholm.com\/sv\/wp-json\/wp\/v2\/pages\/817","targetHints":{"allow":["GET"]}}],"collection":[{"href":"https:\/\/viewstockholm.com\/sv\/wp-json\/wp\/v2\/pages"}],"about":[{"href":"https:\/\/viewstockholm.com\/sv\/wp-json\/wp\/v2\/types\/page"}],"author":[{"embeddable":true,"href":"https:\/\/viewstockholm.com\/sv\/wp-json\/wp\/v2\/users\/2"}],"replies":[{"embeddable":true,"href":"https:\/\/viewstockholm.com\/sv\/wp-json\/wp\/v2\/comments?post=817"}],"version-history":[{"count":3,"href":"https:\/\/viewstockholm.com\/sv\/wp-json\/wp\/v2\/pages\/817\/revisions"}],"predecessor-version":[{"id":73809,"href":"https:\/\/viewstockholm.com\/sv\/wp-json\/wp\/v2\/pages\/817\/revisions\/73809"}],"wp:featuredmedia":[{"embeddable":true,"href":"https:\/\/viewstockholm.com\/sv\/wp-json\/wp\/v2\/media\/21204"}],"wp:attachment":[{"href":"https:\/\/viewstockholm.com\/sv\/wp-json\/wp\/v2\/media?parent=817"}],"curies":[{"name":"wp","href":"https:\/\/api.w.org\/{rel}","templated":true}]}}