      {"id":814,"date":"2015-09-28T10:31:40","date_gmt":"2015-09-28T08:31:40","guid":{"rendered":"http:\/\/viewstockholm.com\/?page_id=814&#038;lang=sv"},"modified":"2025-06-27T10:11:43","modified_gmt":"2025-06-27T08:11:43","slug":"resa-till-stockholm-med-bil","status":"publish","type":"page","link":"https:\/\/viewstockholm.com\/sv\/resa-till-stockholm-med-bil\/","title":{"rendered":"Resa till Stockholm med bil"},"content":{"rendered":"<p>[et_pb_section fb_built=&#8221;1&#8243; _builder_version=&#8221;4.24.3&#8243; background_image=&#8221;https:\/\/viewstockholm.com\/wp-content\/uploads\/2015\/09\/travel-stockholm-car-header.jpg&#8221; animation_style=&#8221;fade&#8221; animation_duration=&#8221;500ms&#8221; global_colors_info=&#8221;{}&#8221;][et_pb_row _builder_version=&#8221;4.16&#8243; background_size=&#8221;initial&#8221; background_position=&#8221;top_left&#8221; background_repeat=&#8221;repeat&#8221; global_colors_info=&#8221;{}&#8221;][et_pb_column type=&#8221;4_4&#8243; _builder_version=&#8221;4.16&#8243; custom_padding=&#8221;|||&#8221; global_colors_info=&#8221;{}&#8221; custom_padding__hover=&#8221;|||&#8221;][et_pb_text _builder_version=&#8221;4.27.4&#8243; header_font=&#8221;&#8211;et_global_heading_font|700|||||||&#8221; header_font_size=&#8221;64px&#8221; text_orientation=&#8221;center&#8221; background_layout=&#8221;dark&#8221; module_alignment=&#8221;center&#8221; custom_padding=&#8221;30px||30px|&#8221; hover_enabled=&#8221;0&#8243; border_style=&#8221;solid&#8221; global_colors_info=&#8221;{}&#8221; header_font_size_last_edited=&#8221;on|desktop&#8221; sticky_enabled=&#8221;0&#8243; header_font_size_tablet=&#8221;54px&#8221; header_font_size_phone=&#8221;48px&#8221; header_line_height=&#8221;1.3em&#8221;]<\/p>\n<h1>Resa till Stockholm med bil<\/h1>\n<p>[\/et_pb_text][\/et_pb_column][\/et_pb_row][\/et_pb_section][et_pb_section fb_built=&#8221;1&#8243; _builder_version=&#8221;4.16&#8243; global_colors_info=&#8221;{}&#8221;][et_pb_row custom_padding_last_edited=&#8221;on|phone&#8221; _builder_version=&#8221;4.16&#8243; custom_padding=&#8221;|150px||150px&#8221; custom_padding_tablet=&#8221;|0px||0px&#8221; custom_padding_phone=&#8221;&#8221; global_colors_info=&#8221;{}&#8221;][et_pb_column type=&#8221;4_4&#8243; _builder_version=&#8221;4.16&#8243; background_position=&#8221;top_left&#8221; custom_padding=&#8221;|||&#8221; global_colors_info=&#8221;{}&#8221; custom_padding__hover=&#8221;|||&#8221;][et_pb_text admin_label=&#8221;Intro&#8221; _builder_version=&#8221;4.27.4&#8243; header_font=&#8221;|on|||&#8221; header_font_size=&#8221;48px&#8221; header_2_font=&#8221;|700|||||||&#8221; header_2_text_align=&#8221;center&#8221; header_2_font_size=&#8221;36px&#8221; header_2_line_height=&#8221;1.3em&#8221; header_3_font=&#8221;|800||on|||||&#8221; header_3_text_align=&#8221;center&#8221; header_3_font_size=&#8221;20px&#8221; header_3_letter_spacing=&#8221;2px&#8221; header_3_line_height=&#8221;1.3em&#8221; header_5_font=&#8221;|700|||||||&#8221; header_5_font_size=&#8221;20px&#8221; module_alignment=&#8221;center&#8221; hover_enabled=&#8221;0&#8243; header_2_font_size_tablet=&#8221;32px&#8221; header_2_font_size_phone=&#8221;28px&#8221; header_2_font_size_last_edited=&#8221;on|desktop&#8221; border_style=&#8221;solid&#8221; global_colors_info=&#8221;{}&#8221; sticky_enabled=&#8221;0&#8243;]Att ta sig till Stockholm med bil \u00e4r l\u00e4tt tack vare goda f\u00f6rbindelser till motorv\u00e4garna. Staden \u00e4r en knutpunkt f\u00f6r europav\u00e4garna E4, E18 och E20. N\u00e4r du k\u00f6r i Stockholm city kan v\u00e4gsystemet upplevas som lite komplicerat eftersom det finns m\u00e5nga tunnlar och broar p\u00e5 grund av de m\u00e5nga \u00f6arna och vattendragen. Trafiksituationen \u00e4r relativt bra f\u00f6r det mesta, men r\u00e4kna med k\u00f6er och trafikstockningar under rusningstid.<\/p>\n<h2>Tr\u00e4ngselskatt<\/h2>\n<p>Var medveten om att Stockholm (sedan 2007) har tr\u00e4ngselskatt, ett system d\u00e4r fordon registrerade i och utanf\u00f6r Sverige som \u00e5ker in och ut ur centrala Stockholm mellan klockan 6.00 och 18.29 p\u00e5 vardagar (g\u00e4ller ej under r\u00f6da dagar eller juli m\u00e5nad) betalar tr\u00e4ngselskatt. <\/p>\n<p>Det prim\u00e4ra syftet med detta \u00e4r att minska trafikstockningar och f\u00f6rb\u00e4ttra milj\u00f6situationen i stadens centrum. Beroende p\u00e5 vilken tid p\u00e5 dagen det \u00e4r, kostar varje resa mellan 11 och 45 kronor (det \u00e4r dyrast under rusningstrafiken). Den maximala summan per fordon och per dag \u00e4r 135 kronor.[\/et_pb_text][\/et_pb_column][\/et_pb_row][\/et_pb_section][et_pb_section fb_built=&#8221;1&#8243; _builder_version=&#8221;4.24.3&#8243; custom_padding=&#8221;0px||||false|false&#8221; global_colors_info=&#8221;{}&#8221;][et_pb_row custom_padding_last_edited=&#8221;on|phone&#8221; _builder_version=&#8221;4.24.3&#8243; custom_padding=&#8221;|150px||150px&#8221; custom_padding_tablet=&#8221;|0px||0px&#8221; custom_padding_phone=&#8221;&#8221; global_colors_info=&#8221;{}&#8221;][et_pb_column type=&#8221;4_4&#8243; _builder_version=&#8221;4.16&#8243; background_position=&#8221;top_left&#8221; custom_padding=&#8221;|||&#8221; global_colors_info=&#8221;{}&#8221; custom_padding__hover=&#8221;|||&#8221;][et_pb_icon font_icon=&#8221;&#xf1b9;||fa||900&#8243; icon_width=&#8221;64px&#8221; _builder_version=&#8221;4.24.3&#8243; _module_preset=&#8221;default&#8221; global_colors_info=&#8221;{}&#8221;][\/et_pb_icon][et_pb_text admin_label=&#8221;Parking in Stockholm&#8221; module_class=&#8221;content&#8221; _builder_version=&#8221;4.27.4&#8243; header_font=&#8221;|on|||&#8221; header_font_size=&#8221;48px&#8221; header_2_font=&#8221;|700|||||||&#8221; header_2_text_align=&#8221;center&#8221; header_2_font_size=&#8221;36px&#8221; header_2_line_height=&#8221;1.3em&#8221; header_3_font=&#8221;|700|||||||&#8221; header_3_font_size=&#8221;28px&#8221; header_3_line_height=&#8221;1.3em&#8221; header_5_font=&#8221;|700|||||||&#8221; header_5_font_size=&#8221;20px&#8221; module_alignment=&#8221;center&#8221; hover_enabled=&#8221;0&#8243; header_2_font_size_tablet=&#8221;32px&#8221; header_2_font_size_phone=&#8221;28px&#8221; header_2_font_size_last_edited=&#8221;on|desktop&#8221; border_style=&#8221;solid&#8221; global_colors_info=&#8221;{}&#8221; sticky_enabled=&#8221;0&#8243; header_3_font_size_last_edited=&#8221;on|desktop&#8221; header_3_font_size_tablet=&#8221;26px&#8221; header_3_font_size_phone=&#8221;24px&#8221;]<\/p>\n<h2>Parkera in Stockholm<\/h2>\n<p>Du kan parkera i parkeringsgarage, p\u00e5 gatuparkeringar eller p\u00e5 infartsparkeringar n\u00e4r du kommer med bil till Stockholm. Att hitta en parkeringsplats p\u00e5 gatan kan vara sv\u00e5rt, speciellt i stadens centrum, s\u00e5 v\u00e5r rekommendation \u00e4r att i f\u00f6rsta hand satsa p\u00e5 ett parkeringsgarage.<\/p>\n<h3>Parkera i centrum<\/h3>\n<p>Det finns m\u00e5nga parkeringsgarage i centrum. Du hittar dem i alla olika stadsdelar, men s\u00e4rskilt p\u00e5 Norrmalm. I vissa av garagen betalar du i f\u00f6rskott, medan du i andra betalar n\u00e4r du l\u00e4mnar f\u00f6r den faktiska tid du har parkerat i garaget.<\/p>\n<p>Om du f\u00f6redrar att parkera p\u00e5 gatan, och har m\u00f6jlighet att hitta en plats, debiteras du per timme. De flesta parkeringsautomater tar de vanligaste kreditkorten som VISA och Mastercard. Du kan \u00e4ven betala via en app p\u00e5 din smartphone, till exempel EasyPark och Parkster samt via SMS. Och gl\u00f6m inte att titta noga p\u00e5 skyltar, s\u00e5 att du \u00e4r s\u00e4ker p\u00e5 att du har r\u00e4tt att parkera bilen d\u00e4r du t\u00e4nkt st\u00e4lla dig.<\/p>\n<h3>Infartsparkeringar<\/h3>\n<p>Du har upplevt hur sv\u00e5rt det \u00e4r att hitta en ledig parkeringsplats n\u00e4r du bes\u00f6ker storst\u00e4der. Som sagt \u00e4r Stockholm inget undantag. Dessutom kan det vara sv\u00e5rt att hitta i en stad du inte \u00e4r s\u00e5 van vid. Men det finns en bra l\u00f6sning p\u00e5 detta problem: infartsparkeringar. Det inneb\u00e4r att du parkerar bilen utanf\u00f6r staden och sedan tar kollektivtrafiken till centrum. Det \u00e4r enkelt, bekv\u00e4mt, mer milj\u00f6v\u00e4nligt och definitivt billigare.<\/p>\n<p>Det finns gott om infartsparkeringar n\u00e4ra de allm\u00e4nna kommunikationerna. N\u00e5gra av dem \u00e4r till och med gratis att parkera p\u00e5. Du kan hitta listor med infartsparkeringarna <a href=\"https:\/\/sl.se\/reseplanering\/att-resa-med-sl\/planera-din-resa\/pendelparkeringar\" target=\"_blank\" rel=\"noopener nofollow\">h\u00e4r<\/a> eller <a href=\"https:\/\/www.stockholmparkering.se\/parkeringar\/bil\/infartsparkeringar\/\" target=\"_blank\" rel=\"noopener nofollow\">h\u00e4r<\/a>.<\/p>\n<p>[\/et_pb_text][\/et_pb_column][\/et_pb_row][et_pb_row custom_padding_last_edited=&#8221;on|phone&#8221; _builder_version=&#8221;4.24.3&#8243; custom_padding=&#8221;|150px||150px&#8221; custom_padding_tablet=&#8221;|0px||0px&#8221; custom_padding_phone=&#8221;&#8221; global_colors_info=&#8221;{}&#8221;][et_pb_column type=&#8221;4_4&#8243; _builder_version=&#8221;4.16&#8243; background_position=&#8221;top_left&#8221; custom_padding=&#8221;|||&#8221; global_colors_info=&#8221;{}&#8221; custom_padding__hover=&#8221;|||&#8221;][et_pb_icon font_icon=&#8221;&#xf1b9;||fa||900&#8243; icon_width=&#8221;64px&#8221; _builder_version=&#8221;4.24.3&#8243; _module_preset=&#8221;default&#8221; global_colors_info=&#8221;{}&#8221;][\/et_pb_icon][et_pb_text admin_label=&#8221;Rental car&#8221; module_class=&#8221;content&#8221; _builder_version=&#8221;4.27.4&#8243; header_font=&#8221;|on|||&#8221; header_font_size=&#8221;48px&#8221; header_2_font=&#8221;|700|||||||&#8221; header_2_text_align=&#8221;center&#8221; header_2_font_size=&#8221;36px&#8221; header_2_line_height=&#8221;1.3em&#8221; header_3_font=&#8221;|700|||||||&#8221; header_3_font_size=&#8221;28px&#8221; header_3_line_height=&#8221;1.3em&#8221; header_5_font=&#8221;|700|||||||&#8221; header_5_font_size=&#8221;20px&#8221; module_alignment=&#8221;center&#8221; hover_enabled=&#8221;0&#8243; header_2_font_size_tablet=&#8221;32px&#8221; header_2_font_size_phone=&#8221;28px&#8221; header_2_font_size_last_edited=&#8221;on|desktop&#8221; border_style=&#8221;solid&#8221; global_colors_info=&#8221;{}&#8221; sticky_enabled=&#8221;0&#8243; header_3_font_size_last_edited=&#8221;on|desktop&#8221; header_3_font_size_tablet=&#8221;26px&#8221; header_3_font_size_phone=&#8221;24px&#8221;]<\/p>\n<h2>Hyrbil i Stockholm<\/h2>\n<p>Att hyra bil i Stockholm \u00e4r enkelt. De v\u00e4lk\u00e4nda biluthyrningsf\u00f6retagen har kontor och uthyrningsst\u00e4llen \u00f6ver hela staden, och naturligtvis \u00e4ven p\u00e5 alla Stockholms flygplatser. Du kan boka din hyrbil i f\u00f6rv\u00e4g eller p\u00e5 flygplatsen. Kom ocks\u00e5 ih\u00e5g att du beh\u00f6ver ett k\u00f6rkort och om du rest hit fr\u00e5n utlandet ett giltigt pass f\u00f6r att hyra en bil. Och gl\u00f6m inte att fr\u00e5ga om tr\u00e4ngselskatten (se ovan) i Stockholm ing\u00e5r i priset.<\/p>\n<h3> Biluthyrningsf\u00f6retag <\/h3>\n<p><span style=\"padding-right: 20px;\"><a href=\"https:\/\/www.hertz.se\/rentacar\/reservation\/\" target=\"_blank\" rel=\"nofollow noopener\">Hertz<\/a><\/span><span style=\"padding-right: 20px;\"><a href=\"https:\/\/www.avis.se\" target=\"_blank\" rel=\"nofollow noopener\">Avis<\/a><\/span><span style=\"padding-right: 20px;\"><a href=\"https:\/\/www.europcar.se\" target=\"_blank\" rel=\"nofollow noopener\">Europcar<\/a><\/span><span style=\"padding-right: 20px;\"><a href=\"https:\/\/www.sixt.se\" target=\"_blank\" rel=\"nofollow noopener\">Sixt<\/a><\/span><span style=\"padding-right: 20px;\"><a href=\"https:\/\/www.mabi.se\" target=\"_blank\" rel=\"nofollow noopener\">Mabi<\/a><\/span><a href=\"https:\/\/www.budget.se\" target=\"_blank\" rel=\"nofollow noopener\">Budget<\/a>[\/et_pb_text][\/et_pb_column][\/et_pb_row][\/et_pb_section][et_pb_section fb_built=&#8221;1&#8243; _builder_version=&#8221;4.16&#8243; global_colors_info=&#8221;{}&#8221;][et_pb_row _builder_version=&#8221;4.16&#8243; custom_margin=&#8221;-60px|||&#8221; global_colors_info=&#8221;{}&#8221;][et_pb_column type=&#8221;4_4&#8243; _builder_version=&#8221;4.16&#8243; background_position=&#8221;top_left&#8221; custom_padding=&#8221;|||&#8221; global_colors_info=&#8221;{}&#8221; custom_padding__hover=&#8221;|||&#8221;][et_pb_text admin_label=&#8221;More travel information&#8221; _builder_version=&#8221;4.27.4&#8243; header_font=&#8221;|on|||&#8221; header_font_size=&#8221;48px&#8221; header_2_font=&#8221;|700|||||||&#8221; header_2_font_size=&#8221;34px&#8221; header_2_line_height=&#8221;1.3em&#8221; text_orientation=&#8221;center&#8221; module_alignment=&#8221;center&#8221; hover_enabled=&#8221;0&#8243; header_2_font_size_last_edited=&#8221;on|desktop&#8221; border_style=&#8221;solid&#8221; global_colors_info=&#8221;{}&#8221; sticky_enabled=&#8221;0&#8243; header_2_font_size_tablet=&#8221;30px&#8221; header_2_font_size_phone=&#8221;26px&#8221;]<\/p>\n<h2>Mer reseinformation<\/h2>\n<p>[\/et_pb_text][\/et_pb_column][\/et_pb_row][et_pb_row column_structure=&#8221;1_2,1_2&#8243; use_custom_gutter=&#8221;on&#8221; gutter_width=&#8221;4&#8243; custom_padding_last_edited=&#8221;on|desktop&#8221; _builder_version=&#8221;4.27.4&#8243; background_size=&#8221;initial&#8221; background_position=&#8221;top_left&#8221; background_repeat=&#8221;repeat&#8221; custom_padding=&#8221;0px|150px||150px|false|true&#8221; custom_padding_tablet=&#8221;|0px||0px|false|true&#8221; custom_padding_phone=&#8221;|30px||30px|false|true&#8221; hover_enabled=&#8221;0&#8243; global_colors_info=&#8221;{}&#8221; sticky_enabled=&#8221;0&#8243;][et_pb_column type=&#8221;1_2&#8243; _builder_version=&#8221;4.16&#8243; custom_padding=&#8221;|||&#8221; global_colors_info=&#8221;{}&#8221; custom_padding__hover=&#8221;|||&#8221;][et_pb_blurb title=&#8221;Resa till Stockholm med flyg&#8221; url=&#8221;https:\/\/viewstockholm.com\/resa-till-stockholm-med-flyg\/&#8221; image=&#8221;https:\/\/viewstockholm.com\/wp-content\/uploads\/2015\/09\/travel-stockholm-airplane.jpg&#8221; alt=&#8221;Travel to Stockholm by airplane&#8221; admin_label=&#8221;Airplane&#8221; _builder_version=&#8221;4.24.3&#8243; _module_preset=&#8221;default&#8221; header_font=&#8221;|700|||||||&#8221; header_font_size=&#8221;22px&#8221; header_line_height=&#8221;1.1em&#8221; text_orientation=&#8221;center&#8221; custom_margin=&#8221;||50px||false|false&#8221; custom_margin_tablet=&#8221;|20px|||false|false&#8221; custom_margin_phone=&#8221;|0px|||false|false&#8221; custom_margin_last_edited=&#8221;off|desktop&#8221; custom_padding=&#8221;||20px||false|false&#8221; animation=&#8221;off&#8221; link_option_url=&#8221;https:\/\/viewstockholm.com\/resa-till-stockholm-med-flyg\/&#8221; header_font_size_tablet=&#8221;20px&#8221; header_font_size_phone=&#8221;20px&#8221; header_font_size_last_edited=&#8221;on|desktop&#8221; custom_css_blurb_title=&#8221;padding-left: 20px;||padding-right: 20px;||margin-top: -10px;||margin-bottom: -5px;&#8221; border_radii=&#8221;on|10px|10px|10px|10px&#8221; box_shadow_style=&#8221;preset1&#8243; box_shadow_blur=&#8221;40px&#8221; box_shadow_color=&#8221;rgba(0,0,0,0.15)&#8221; global_colors_info=&#8221;{}&#8221; image_icon_background_color__hover_enabled=&#8221;off|hover&#8221;][\/et_pb_blurb][et_pb_blurb title=&#8221;Resa till Stockholm med buss&#8221; url=&#8221;https:\/\/viewstockholm.com\/resa-till-stockholm-med-buss\/&#8221; image=&#8221;https:\/\/viewstockholm.com\/wp-content\/uploads\/2015\/09\/travel-stockholm-bus.jpg&#8221; alt=&#8221;Travel to Stockholm by bus&#8221; admin_label=&#8221;Bus&#8221; _builder_version=&#8221;4.24.3&#8243; _module_preset=&#8221;default&#8221; header_font=&#8221;|700|||||||&#8221; header_font_size=&#8221;22px&#8221; header_line_height=&#8221;1.1em&#8221; text_orientation=&#8221;center&#8221; custom_margin=&#8221;||50px||false|false&#8221; custom_margin_tablet=&#8221;|20px|||false|false&#8221; custom_margin_phone=&#8221;|0px|||false|false&#8221; custom_margin_last_edited=&#8221;off|desktop&#8221; custom_padding=&#8221;||20px||false|false&#8221; animation=&#8221;off&#8221; link_option_url=&#8221;https:\/\/viewstockholm.com\/resa-till-stockholm-med-buss\/&#8221; header_font_size_tablet=&#8221;20px&#8221; header_font_size_phone=&#8221;20px&#8221; header_font_size_last_edited=&#8221;on|desktop&#8221; custom_css_blurb_title=&#8221;padding-left: 20px;||padding-right: 20px;||margin-top: -10px;||margin-bottom: -5px;&#8221; border_radii=&#8221;on|10px|10px|10px|10px&#8221; box_shadow_style=&#8221;preset1&#8243; box_shadow_blur=&#8221;40px&#8221; box_shadow_color=&#8221;rgba(0,0,0,0.15)&#8221; global_colors_info=&#8221;{}&#8221; image_icon_background_color__hover_enabled=&#8221;off|hover&#8221;][\/et_pb_blurb][\/et_pb_column][et_pb_column type=&#8221;1_2&#8243; _builder_version=&#8221;4.16&#8243; custom_padding=&#8221;|||&#8221; global_colors_info=&#8221;{}&#8221; custom_padding__hover=&#8221;|||&#8221;][et_pb_blurb title=&#8221;Resa till Stockholm med b\u00e5t&#8221; url=&#8221;https:\/\/viewstockholm.com\/resa-till-stockholm-med-bat\/&#8221; image=&#8221;https:\/\/viewstockholm.com\/wp-content\/uploads\/2015\/09\/travel-stockholm-boat.jpg&#8221; alt=&#8221;Travel to Stockholm by boat&#8221; admin_label=&#8221;Boat&#8221; _builder_version=&#8221;4.24.3&#8243; _module_preset=&#8221;default&#8221; header_font=&#8221;|700|||||||&#8221; header_font_size=&#8221;22px&#8221; header_line_height=&#8221;1.1em&#8221; text_orientation=&#8221;center&#8221; custom_margin=&#8221;||50px||false|false&#8221; custom_margin_tablet=&#8221;|20px|||false|false&#8221; custom_margin_phone=&#8221;|0px|||false|false&#8221; custom_margin_last_edited=&#8221;off|desktop&#8221; custom_padding=&#8221;||20px||false|false&#8221; animation=&#8221;off&#8221; link_option_url=&#8221;https:\/\/viewstockholm.com\/resa-till-stockholm-med-bat\/&#8221; header_font_size_tablet=&#8221;20px&#8221; header_font_size_phone=&#8221;20px&#8221; header_font_size_last_edited=&#8221;on|desktop&#8221; custom_css_blurb_title=&#8221;padding-left: 20px;||padding-right: 20px;||margin-top: -10px;||margin-bottom: -5px;&#8221; border_radii=&#8221;on|10px|10px|10px|10px&#8221; box_shadow_style=&#8221;preset1&#8243; box_shadow_blur=&#8221;40px&#8221; box_shadow_color=&#8221;rgba(0,0,0,0.15)&#8221; global_colors_info=&#8221;{}&#8221; image_icon_background_color__hover_enabled=&#8221;off|hover&#8221;][\/et_pb_blurb][et_pb_blurb title=&#8221;Resa till Stockholm med t\u00e5g&#8221; url=&#8221;https:\/\/viewstockholm.com\/resa-till-stockholm-med-tag\/&#8221; image=&#8221;https:\/\/viewstockholm.com\/wp-content\/uploads\/2015\/09\/travel-stockholm-train.jpg&#8221; alt=&#8221;Travel to Stockholm by train&#8221; admin_label=&#8221;Train&#8221; _builder_version=&#8221;4.24.3&#8243; _module_preset=&#8221;default&#8221; header_font=&#8221;|700|||||||&#8221; header_font_size=&#8221;22px&#8221; header_line_height=&#8221;1.1em&#8221; text_orientation=&#8221;center&#8221; custom_margin=&#8221;||||false|false&#8221; custom_margin_tablet=&#8221;|20px|||false|false&#8221; custom_margin_phone=&#8221;|0px|||false|false&#8221; custom_margin_last_edited=&#8221;off|desktop&#8221; custom_padding=&#8221;||20px||false|false&#8221; animation=&#8221;off&#8221; link_option_url=&#8221;https:\/\/viewstockholm.com\/resa-till-stockholm-med-tag\/&#8221; header_font_size_tablet=&#8221;20px&#8221; header_font_size_phone=&#8221;20px&#8221; header_font_size_last_edited=&#8221;on|desktop&#8221; custom_css_blurb_title=&#8221;padding-left: 20px;||padding-right: 20px;||margin-top: -10px;||margin-bottom: -5px;&#8221; border_radii=&#8221;on|10px|10px|10px|10px&#8221; box_shadow_style=&#8221;preset1&#8243; box_shadow_blur=&#8221;40px&#8221; box_shadow_color=&#8221;rgba(0,0,0,0.15)&#8221; global_colors_info=&#8221;{}&#8221; image_icon_background_color__hover_enabled=&#8221;off|hover&#8221;][\/et_pb_blurb][\/et_pb_column][\/et_pb_row][\/et_pb_section]<\/p>\n","protected":false},"excerpt":{"rendered":"<p>Resa till Stockholm med bilAtt ta sig till Stockholm med bil \u00e4r l\u00e4tt tack vare goda f\u00f6rbindelser till motorv\u00e4garna. Staden [&hellip;]<\/p>\n","protected":false},"author":2,"featured_media":21205,"parent":0,"menu_order":0,"comment_status":"closed","ping_status":"closed","template":"","meta":{"_et_pb_use_builder":"on","_et_pb_old_content":"<p>To get to Stockholm by car is easy since the good connections to the motorways. The city is at the junction of the European routes E4, E18 and E20. When driving in Stockholm city you may find the road system a little bit complicated and there are many tunnels and bridges due to the many islands and waterways. The traffic situation is relatively good most of the time, but you can expect traffic jams during rush hour.<\/p><h3>Congestion charge<\/h3><p>Be aware that Stockholm nowadays (since 2007) has a congestion charge, a system where most Swedish-registered vehicles entering and exiting central Stockholm between 6.30 AM and 6.29 PM on weekdays (not during public holiday or the month of July) are paying a congestion tax. The primary purpose of this is to reduce traffic congestion and improve the environmental situation in the city centre. Depending on the time of day, each trip costs 10, 20 or 25 SEK. The maximum amount of tax per vehicle per day is 60 SEK. Note that you pay no congestion charges if you are driving a foreign-registered vehicle or an eco-vehicle.<\/p><h2>Parking in Stockholm<\/h2><p>You may park at in parking garages, designated street parking or park-and-ride facilities when you arrive by car to Stockholm. Finding a parking spot on the street could be difficult, at least in the city centre, so our recommendation is to primarily go for the parking garages.<\/p><h3>Parking in city centre<\/h3><p>There are many parking garages in the city centre. You can find them in all the different neighborhoods, but especially in Norrmalm. In some of them you pay in advance, and in others you pay when you leave for the actual time you have parked in the garage.<\/p><p>If you prefer to park in the street, and are able to find a spot, you will be charged by the hour, most of the parking meters take the common credit cards like VISA and MasterCard. And do not forget to pay close attention to the street signs, so you can be sure that you are allowed to park your car.<\/p><h3>Park-and-ride<\/h3><p>You are probably aware of the common problem of finding a free parking spot when you visit big cities. As mentioned, Stockholm is no exception of that rule. In addition, it can be challenging to find your way around in an unknown city. But there is a great solution for this problem: park-and-ride. That means that you park your car outside the city and then take public transport to the city centre. It is easy, comfortable, more environmental friendly, and definitely cheaper.<\/p><p>There are plenty of park-and-ride facilities close to public transport connections. Some of them are even free to park on. You can either click <a href=\"http:\/\/sl.se\/sv\/Resenar\/Planera-resa\/Infartsparkering\/\" target=\"_blank\" rel=\"noopener\">here<\/a> or <a href=\"http:\/\/www.stockholm-parkering.se\/infartspark\" target=\"_blank\" rel=\"noopener\">here<\/a> to find a list of park-and-ride facilities.<\/p><h2>Rental car in Stockholm<\/h2><p>To rent a car in Stockholm is simple. Most of the well-known international car rental companies have offices and rental locations all over the city, and of course also at all of Stockholm\u2019s airports. You are able to book your rental car ahead of time or at the airport. Also keep in mind that you will need a national driving license and a valid passport to rent a car. And do not forget to ask if the congestion charge (see above) in Stockholm is included in the price.<\/p><h3>Car rental companies<\/h3><ul><li><a href=\"https:\/\/www.hertz.se\/rentacar\/reservation\/\" target=\"_blank\" rel=\"noopener\">Hertz<\/a><\/li><li><a href=\"http:\/\/www.avis.se\" target=\"_blank\" rel=\"noopener\">Avis<\/a><\/li><li><a href=\"https:\/\/www.europcar.se\" target=\"_blank\" rel=\"noopener\">Europcar<\/a><\/li><li><a href=\"https:\/\/www.sixt.se\/en\/\" target=\"_blank\" rel=\"noopener\">Sixt<\/a><\/li><li><a href=\"https:\/\/www.mabi.se\/#!\/english\" target=\"_blank\" rel=\"noopener\">Mabi<\/a><\/li><li><a href=\"http:\/\/www.budget.se\/budgetonline\/se-gb\/budget.nsf\" target=\"_blank\" rel=\"noopener\">Budget<\/a><\/li><\/ul><hr \/><h2>More travel information<\/h2><p><a href=\"http:\/\/viewstockholm.com\/arrival-to-stockholm-by-airplane\/\">Arrival to Stockholm by airplane >><\/a><\/p><p><a href=\"http:\/\/viewstockholm.com\/arrival-to-stockholm-by-bus\/\">Arrival to Stockholm by bus >><\/a><\/p><p><a href=\"http:\/\/viewstockholm.com\/arrival-to-stockholm-by-boat\/\">Arrival to Stockholm by boat >><\/a><\/p><p><a href=\"http:\/\/viewstockholm.com\/arrival-to-stockholm-by-train\/\">Arrival to Stockholm by train >><\/a><\/p>","_et_gb_content_width":"","_lmt_disableupdate":"no","_lmt_disable":"","footnotes":""},"class_list":["post-814","page","type-page","status-publish","has-post-thumbnail","hentry"],"acf":[],"_links":{"self":[{"href":"https:\/\/viewstockholm.com\/sv\/wp-json\/wp\/v2\/pages\/814","targetHints":{"allow":["GET"]}}],"collection":[{"href":"https:\/\/viewstockholm.com\/sv\/wp-json\/wp\/v2\/pages"}],"about":[{"href":"https:\/\/viewstockholm.com\/sv\/wp-json\/wp\/v2\/types\/page"}],"author":[{"embeddable":true,"href":"https:\/\/viewstockholm.com\/sv\/wp-json\/wp\/v2\/users\/2"}],"replies":[{"embeddable":true,"href":"https:\/\/viewstockholm.com\/sv\/wp-json\/wp\/v2\/comments?post=814"}],"version-history":[{"count":2,"href":"https:\/\/viewstockholm.com\/sv\/wp-json\/wp\/v2\/pages\/814\/revisions"}],"predecessor-version":[{"id":261438,"href":"https:\/\/viewstockholm.com\/sv\/wp-json\/wp\/v2\/pages\/814\/revisions\/261438"}],"wp:featuredmedia":[{"embeddable":true,"href":"https:\/\/viewstockholm.com\/sv\/wp-json\/wp\/v2\/media\/21205"}],"wp:attachment":[{"href":"https:\/\/viewstockholm.com\/sv\/wp-json\/wp\/v2\/media?parent=814"}],"curies":[{"name":"wp","href":"https:\/\/api.w.org\/{rel}","templated":true}]}}