      {"id":811,"date":"2015-09-28T10:06:44","date_gmt":"2015-09-28T08:06:44","guid":{"rendered":"http:\/\/viewstockholm.com\/?page_id=811&#038;lang=sv"},"modified":"2025-06-27T09:58:33","modified_gmt":"2025-06-27T07:58:33","slug":"resa-till-stockholm-med-buss","status":"publish","type":"page","link":"https:\/\/viewstockholm.com\/sv\/resa-till-stockholm-med-buss\/","title":{"rendered":"Resa till Stockholm med buss"},"content":{"rendered":"<p>[et_pb_section fb_built=&#8221;1&#8243; _builder_version=&#8221;4.24.3&#8243; background_image=&#8221;https:\/\/viewstockholm.com\/wp-content\/uploads\/2015\/09\/travel-stockholm-bus-header.jpg&#8221; animation_style=&#8221;fade&#8221; animation_duration=&#8221;500ms&#8221; global_colors_info=&#8221;{}&#8221;][et_pb_row _builder_version=&#8221;4.16&#8243; background_size=&#8221;initial&#8221; background_position=&#8221;top_left&#8221; background_repeat=&#8221;repeat&#8221; global_colors_info=&#8221;{}&#8221;][et_pb_column type=&#8221;4_4&#8243; _builder_version=&#8221;4.16&#8243; custom_padding=&#8221;|||&#8221; global_colors_info=&#8221;{}&#8221; custom_padding__hover=&#8221;|||&#8221;][et_pb_text _builder_version=&#8221;4.27.4&#8243; header_font=&#8221;&#8211;et_global_heading_font|700|||||||&#8221; header_font_size=&#8221;64px&#8221; text_orientation=&#8221;center&#8221; background_layout=&#8221;dark&#8221; module_alignment=&#8221;center&#8221; custom_padding=&#8221;30px||30px|&#8221; hover_enabled=&#8221;0&#8243; border_style=&#8221;solid&#8221; global_colors_info=&#8221;{}&#8221; header_font_size_last_edited=&#8221;on|desktop&#8221; sticky_enabled=&#8221;0&#8243; header_font_size_tablet=&#8221;54px&#8221; header_font_size_phone=&#8221;48px&#8221; header_line_height=&#8221;1.3em&#8221;]<\/p>\n<h1>Resa till Stockholm med buss<\/h1>\n<p>[\/et_pb_text][\/et_pb_column][\/et_pb_row][\/et_pb_section][et_pb_section fb_built=&#8221;1&#8243; _builder_version=&#8221;4.16&#8243; global_colors_info=&#8221;{}&#8221;][et_pb_row custom_padding_last_edited=&#8221;on|phone&#8221; _builder_version=&#8221;4.27.4&#8243; custom_padding=&#8221;|150px||150px&#8221; custom_padding_tablet=&#8221;|0px||0px&#8221; custom_padding_phone=&#8221;0px||||false|false&#8221; hover_enabled=&#8221;0&#8243; global_colors_info=&#8221;{}&#8221; sticky_enabled=&#8221;0&#8243;][et_pb_column type=&#8221;4_4&#8243; _builder_version=&#8221;4.16&#8243; background_position=&#8221;top_left&#8221; custom_padding=&#8221;|||&#8221; global_colors_info=&#8221;{}&#8221; custom_padding__hover=&#8221;|||&#8221;][et_pb_text admin_label=&#8221;Intro&#8221; module_class=&#8221;content&#8221; _builder_version=&#8221;4.24.3&#8243; header_font=&#8221;|on|||&#8221; header_font_size=&#8221;48px&#8221; header_2_font=&#8221;|700||on|||||&#8221; header_2_text_align=&#8221;center&#8221; header_2_font_size=&#8221;28px&#8221; header_2_line_height=&#8221;1.3em&#8221; header_3_font=&#8221;|800||on|||||&#8221; header_3_text_align=&#8221;center&#8221; header_3_font_size=&#8221;20px&#8221; header_3_letter_spacing=&#8221;2px&#8221; header_3_line_height=&#8221;1.3em&#8221; header_5_font=&#8221;|700|||||||&#8221; header_5_font_size=&#8221;20px&#8221; module_alignment=&#8221;center&#8221; header_2_font_size_tablet=&#8221;28px&#8221; header_2_font_size_phone=&#8221;24px&#8221; header_2_font_size_last_edited=&#8221;on|desktop&#8221; border_style=&#8221;solid&#8221; global_colors_info=&#8221;{}&#8221;]Buss \u00e4r ett smidigt s\u00e4tt att transportera sig n\u00e4r man bes\u00f6ker Stockholm. Bland annat eftersom de \u00e4r prisv\u00e4rda, p\u00e5litliga och bekv\u00e4ma. Och eftersom det finns bussh\u00e5llsplatser \u00f6ver hela staden, kan du \u00e5ka direkt till \u00f6nskad plats. Nationella och ett par internationella bussturer till Stockholm ankommer och avg\u00e5r vid den centrala busstationen Cityterminalen.<\/p>\n<p>Cityterminalen fungerar som ett nav f\u00f6r busstransportsystemet i Sverige. Bussar till praktiskt taget varje st\u00f6rre stad och hundratals mindre st\u00e4der \u00e5ker h\u00e4rifr\u00e5n regelbundet och varje dag anl\u00e4nder och avg\u00e5r cirka 800 bussar till och fr\u00e5n Cityterminalen. Det centrala l\u00e4get och den goda tillg\u00e5ngen till anslutande transporter (fj\u00e4rrt\u00e5g, pendelt\u00e5g, tunnelbana och lokala bussar) g\u00f6r terminalen unik.<\/p>\n<p>M\u00e5nga bussbolag trafikerar Cityterminalen, bland annat <a href=\"https:\/\/www.flixbus.se\" target=\"_blank\" rel=\"noopener nofollow\">FlixBus<\/a> (som har det st\u00f6rsta valet av bussf\u00f6rbindelser till och fr\u00e5n Stockholm), <a href=\"https:\/\/www.bus4you.se\" target=\"_blank\" rel=\"noopener nofollow\">Vy bus4you<\/a>, <a href=\"https:\/\/www.ybuss.se\" target=\"_blank\" rel=\"noopener nofollow\">Ybuss<\/a>, and <a href=\"https:\/\/www.flygbussarna.se\" target=\"_blank\" rel=\"noopener nofollow\">Flygbussarna<\/a>.[\/et_pb_text][\/et_pb_column][\/et_pb_row][\/et_pb_section][et_pb_section fb_built=&#8221;1&#8243; _builder_version=&#8221;4.16&#8243; global_colors_info=&#8221;{}&#8221;][et_pb_row _builder_version=&#8221;4.16&#8243; custom_margin=&#8221;-60px|||&#8221; global_colors_info=&#8221;{}&#8221;][et_pb_column type=&#8221;4_4&#8243; _builder_version=&#8221;4.16&#8243; background_position=&#8221;top_left&#8221; custom_padding=&#8221;|||&#8221; global_colors_info=&#8221;{}&#8221; custom_padding__hover=&#8221;|||&#8221;][et_pb_text admin_label=&#8221;More travel information&#8221; _builder_version=&#8221;4.27.4&#8243; header_font=&#8221;|on|||&#8221; header_font_size=&#8221;48px&#8221; header_2_font=&#8221;|700|||||||&#8221; header_2_font_size=&#8221;34px&#8221; header_2_line_height=&#8221;1.3em&#8221; text_orientation=&#8221;center&#8221; module_alignment=&#8221;center&#8221; hover_enabled=&#8221;0&#8243; header_2_font_size_last_edited=&#8221;on|desktop&#8221; border_style=&#8221;solid&#8221; global_colors_info=&#8221;{}&#8221; sticky_enabled=&#8221;0&#8243; header_2_font_size_tablet=&#8221;30px&#8221; header_2_font_size_phone=&#8221;26px&#8221;]<\/p>\n<h2>Mer reseinformation<\/h2>\n<p>[\/et_pb_text][\/et_pb_column][\/et_pb_row][et_pb_row column_structure=&#8221;1_2,1_2&#8243; use_custom_gutter=&#8221;on&#8221; gutter_width=&#8221;4&#8243; custom_padding_last_edited=&#8221;on|desktop&#8221; _builder_version=&#8221;4.27.4&#8243; background_size=&#8221;initial&#8221; background_position=&#8221;top_left&#8221; background_repeat=&#8221;repeat&#8221; custom_padding=&#8221;0px|150px||150px|false|true&#8221; custom_padding_tablet=&#8221;|0px||0px|false|true&#8221; custom_padding_phone=&#8221;|30px||30px|false|true&#8221; hover_enabled=&#8221;0&#8243; global_colors_info=&#8221;{}&#8221; sticky_enabled=&#8221;0&#8243;][et_pb_column type=&#8221;1_2&#8243; _builder_version=&#8221;4.16&#8243; custom_padding=&#8221;|||&#8221; global_colors_info=&#8221;{}&#8221; custom_padding__hover=&#8221;|||&#8221;][et_pb_blurb title=&#8221;Resa till Stockholm med flyg&#8221; url=&#8221;https:\/\/viewstockholm.com\/resa-till-stockholm-med-flyg\/&#8221; image=&#8221;https:\/\/viewstockholm.com\/wp-content\/uploads\/2015\/09\/travel-stockholm-airplane.jpg&#8221; alt=&#8221;Travel to Stockholm by airplane&#8221; admin_label=&#8221;Airplane&#8221; _builder_version=&#8221;4.24.3&#8243; _module_preset=&#8221;default&#8221; header_font=&#8221;|700|||||||&#8221; header_font_size=&#8221;22px&#8221; header_line_height=&#8221;1.1em&#8221; text_orientation=&#8221;center&#8221; custom_margin=&#8221;||50px||false|false&#8221; custom_margin_tablet=&#8221;|20px|||false|false&#8221; custom_margin_phone=&#8221;|0px|||false|false&#8221; custom_margin_last_edited=&#8221;off|desktop&#8221; custom_padding=&#8221;||20px||false|false&#8221; animation=&#8221;off&#8221; link_option_url=&#8221;https:\/\/viewstockholm.com\/resa-till-stockholm-med-flyg\/&#8221; header_font_size_tablet=&#8221;20px&#8221; header_font_size_phone=&#8221;20px&#8221; header_font_size_last_edited=&#8221;on|desktop&#8221; custom_css_blurb_title=&#8221;padding-left: 20px;||padding-right: 20px;||margin-top: -10px;||margin-bottom: -5px;&#8221; border_radii=&#8221;on|10px|10px|10px|10px&#8221; box_shadow_style=&#8221;preset1&#8243; box_shadow_blur=&#8221;40px&#8221; box_shadow_color=&#8221;rgba(0,0,0,0.15)&#8221; global_colors_info=&#8221;{}&#8221; image_icon_background_color__hover_enabled=&#8221;off|hover&#8221;][\/et_pb_blurb][et_pb_blurb title=&#8221;Resa till Stockholm med b\u00e5t&#8221; url=&#8221;https:\/\/viewstockholm.com\/resa-till-stockholm-med-boat\/&#8221; image=&#8221;https:\/\/viewstockholm.com\/wp-content\/uploads\/2015\/09\/travel-stockholm-boat.jpg&#8221; alt=&#8221;Travel to Stockholm by boat&#8221; admin_label=&#8221;Boat&#8221; _builder_version=&#8221;4.24.3&#8243; _module_preset=&#8221;default&#8221; header_font=&#8221;|700|||||||&#8221; header_font_size=&#8221;22px&#8221; header_line_height=&#8221;1.1em&#8221; text_orientation=&#8221;center&#8221; custom_margin=&#8221;||50px||false|false&#8221; custom_margin_tablet=&#8221;|20px|||false|false&#8221; custom_margin_phone=&#8221;|0px|||false|false&#8221; custom_margin_last_edited=&#8221;off|desktop&#8221; custom_padding=&#8221;||20px||false|false&#8221; animation=&#8221;off&#8221; link_option_url=&#8221;https:\/\/viewstockholm.com\/resa-till-stockholm-med-boat\/&#8221; header_font_size_tablet=&#8221;20px&#8221; header_font_size_phone=&#8221;20px&#8221; header_font_size_last_edited=&#8221;on|desktop&#8221; custom_css_blurb_title=&#8221;padding-left: 20px;||padding-right: 20px;||margin-top: -10px;||margin-bottom: -5px;&#8221; border_radii=&#8221;on|10px|10px|10px|10px&#8221; box_shadow_style=&#8221;preset1&#8243; box_shadow_blur=&#8221;40px&#8221; box_shadow_color=&#8221;rgba(0,0,0,0.15)&#8221; global_colors_info=&#8221;{}&#8221; image_icon_background_color__hover_enabled=&#8221;off|hover&#8221;][\/et_pb_blurb][\/et_pb_column][et_pb_column type=&#8221;1_2&#8243; _builder_version=&#8221;4.16&#8243; custom_padding=&#8221;|||&#8221; global_colors_info=&#8221;{}&#8221; custom_padding__hover=&#8221;|||&#8221;][et_pb_blurb title=&#8221;Resa till Stockholm med t\u00e5g&#8221; url=&#8221;https:\/\/viewstockholm.com\/resa-till-stockholm-med-tag\/&#8221; image=&#8221;https:\/\/viewstockholm.com\/wp-content\/uploads\/2015\/09\/travel-stockholm-train.jpg&#8221; alt=&#8221;Travel to Stockholm by train&#8221; admin_label=&#8221;Train&#8221; _builder_version=&#8221;4.24.3&#8243; _module_preset=&#8221;default&#8221; header_font=&#8221;|700|||||||&#8221; header_font_size=&#8221;22px&#8221; header_line_height=&#8221;1.1em&#8221; text_orientation=&#8221;center&#8221; custom_margin=&#8221;||50px||false|false&#8221; custom_margin_tablet=&#8221;|20px|||false|false&#8221; custom_margin_phone=&#8221;|0px|||false|false&#8221; custom_margin_last_edited=&#8221;off|desktop&#8221; custom_padding=&#8221;||20px||false|false&#8221; animation=&#8221;off&#8221; link_option_url=&#8221;https:\/\/viewstockholm.com\/resa-till-stockholm-med-tag\/&#8221; header_font_size_tablet=&#8221;20px&#8221; header_font_size_phone=&#8221;20px&#8221; header_font_size_last_edited=&#8221;on|desktop&#8221; custom_css_blurb_title=&#8221;padding-left: 20px;||padding-right: 20px;||margin-top: -10px;||margin-bottom: -5px;&#8221; border_radii=&#8221;on|10px|10px|10px|10px&#8221; box_shadow_style=&#8221;preset1&#8243; box_shadow_blur=&#8221;40px&#8221; box_shadow_color=&#8221;rgba(0,0,0,0.15)&#8221; global_colors_info=&#8221;{}&#8221; image_icon_background_color__hover_enabled=&#8221;off|hover&#8221;][\/et_pb_blurb][et_pb_blurb title=&#8221;Resa till Stockholm med bil&#8221; url=&#8221;https:\/\/viewstockholm.com\/resa-till-stockholm-med-bil\/&#8221; image=&#8221;https:\/\/viewstockholm.com\/wp-content\/uploads\/2015\/09\/travel-stockholm-car.jpg&#8221; alt=&#8221;Travel to Stockholm by car&#8221; admin_label=&#8221;Car&#8221; _builder_version=&#8221;4.24.3&#8243; _module_preset=&#8221;default&#8221; header_font=&#8221;|700|||||||&#8221; header_font_size=&#8221;22px&#8221; header_line_height=&#8221;1.1em&#8221; text_orientation=&#8221;center&#8221; custom_margin=&#8221;||||false|false&#8221; custom_margin_tablet=&#8221;|20px|||false|false&#8221; custom_margin_phone=&#8221;|0px|||false|false&#8221; custom_margin_last_edited=&#8221;off|desktop&#8221; custom_padding=&#8221;||20px||false|false&#8221; animation=&#8221;off&#8221; link_option_url=&#8221;https:\/\/viewstockholm.com\/resa-till-stockholm-med-bil\/&#8221; header_font_size_tablet=&#8221;20px&#8221; header_font_size_phone=&#8221;20px&#8221; header_font_size_last_edited=&#8221;on|desktop&#8221; custom_css_blurb_title=&#8221;padding-left: 20px;||padding-right: 20px;||margin-top: -10px;||margin-bottom: -5px;&#8221; border_radii=&#8221;on|10px|10px|10px|10px&#8221; box_shadow_style=&#8221;preset1&#8243; box_shadow_blur=&#8221;40px&#8221; box_shadow_color=&#8221;rgba(0,0,0,0.15)&#8221; global_colors_info=&#8221;{}&#8221; image_icon_background_color__hover_enabled=&#8221;off|hover&#8221;][\/et_pb_blurb][\/et_pb_column][\/et_pb_row][\/et_pb_section]<\/p>\n","protected":false},"excerpt":{"rendered":"<p>Resa till Stockholm med bussBuss \u00e4r ett smidigt s\u00e4tt att transportera sig n\u00e4r man bes\u00f6ker Stockholm. Bland annat eftersom de [&hellip;]<\/p>\n","protected":false},"author":2,"featured_media":21202,"parent":0,"menu_order":0,"comment_status":"closed","ping_status":"closed","template":"","meta":{"_et_pb_use_builder":"on","_et_pb_old_content":"Coaches are a great form of transport for people visiting Stockholm. Among other things they are affordable, reliable and comfortable. And since there are a number of coach stations all over the city, you can head straight to your desired location. National and a few international coach services to Stockholm arrive and depart at the central bus station Cityterminalen.\r\n\r\nCityterminalen serves as a hub for the bus transportation system in Sweden. Buses to practically every large city and hundreds of smaller towns operate from here on a regular basis and each day about 800 buses use Cityterminalen as their point of arrival and departure. The central location and the easy access to connecting transport (long-distance trains, commuter trains, underground, and local buses) makes the terminal unique.\r\n\r\nMany Swedish bus companies serve Cityterminalen, including Swebus (has the largest choice of bus connections to and from Stockholm), Bus4You, Nettbuss, Ybuss, Flygbussarna (airport coaches).\r\n\r\n<hr \/>\r\n\r\n<h2>More travel information<\/h2>\r\n<a href=\"http:\/\/viewstockholm.com\/arrival-to-stockholm-by-airplane\/\">Arrival to Stockholm by airplane >><\/a>\r\n\r\n<a href=\"http:\/\/viewstockholm.com\/arrival-to-stockholm-by-boat\/\">Arrival to Stockholm by boat >><\/a>\r\n\r\n<a href=\"http:\/\/viewstockholm.com\/arrival-to-stockholm-by-train\/\">Arrival to Stockholm by train >><\/a>\r\n\r\n<a href=\"http:\/\/viewstockholm.com\/arrival-to-stockholm-by-car\/\">Arrival to Stockholm by car >><\/a>","_et_gb_content_width":"","_lmt_disableupdate":"no","_lmt_disable":"","footnotes":""},"class_list":["post-811","page","type-page","status-publish","has-post-thumbnail","hentry"],"acf":[],"_links":{"self":[{"href":"https:\/\/viewstockholm.com\/sv\/wp-json\/wp\/v2\/pages\/811","targetHints":{"allow":["GET"]}}],"collection":[{"href":"https:\/\/viewstockholm.com\/sv\/wp-json\/wp\/v2\/pages"}],"about":[{"href":"https:\/\/viewstockholm.com\/sv\/wp-json\/wp\/v2\/types\/page"}],"author":[{"embeddable":true,"href":"https:\/\/viewstockholm.com\/sv\/wp-json\/wp\/v2\/users\/2"}],"replies":[{"embeddable":true,"href":"https:\/\/viewstockholm.com\/sv\/wp-json\/wp\/v2\/comments?post=811"}],"version-history":[{"count":2,"href":"https:\/\/viewstockholm.com\/sv\/wp-json\/wp\/v2\/pages\/811\/revisions"}],"predecessor-version":[{"id":261434,"href":"https:\/\/viewstockholm.com\/sv\/wp-json\/wp\/v2\/pages\/811\/revisions\/261434"}],"wp:featuredmedia":[{"embeddable":true,"href":"https:\/\/viewstockholm.com\/sv\/wp-json\/wp\/v2\/media\/21202"}],"wp:attachment":[{"href":"https:\/\/viewstockholm.com\/sv\/wp-json\/wp\/v2\/media?parent=811"}],"curies":[{"name":"wp","href":"https:\/\/api.w.org\/{rel}","templated":true}]}}