      {"id":806,"date":"2015-09-28T10:16:25","date_gmt":"2015-09-28T08:16:25","guid":{"rendered":"http:\/\/viewstockholm.com\/?page_id=806&#038;lang=sv"},"modified":"2025-06-27T09:52:28","modified_gmt":"2025-06-27T07:52:28","slug":"resa-till-stockholm-med-bat","status":"publish","type":"page","link":"https:\/\/viewstockholm.com\/sv\/resa-till-stockholm-med-bat\/","title":{"rendered":"Resa till Stockholm med b\u00e5t"},"content":{"rendered":"<p>[et_pb_section fb_built=&#8221;1&#8243; _builder_version=&#8221;4.24.3&#8243; background_image=&#8221;https:\/\/viewstockholm.com\/wp-content\/uploads\/2015\/09\/travel-stockholm-boat-header.jpg&#8221; animation_style=&#8221;fade&#8221; animation_duration=&#8221;500ms&#8221; global_colors_info=&#8221;{}&#8221;][et_pb_row _builder_version=&#8221;4.16&#8243; background_size=&#8221;initial&#8221; background_position=&#8221;top_left&#8221; background_repeat=&#8221;repeat&#8221; global_colors_info=&#8221;{}&#8221;][et_pb_column type=&#8221;4_4&#8243; _builder_version=&#8221;4.16&#8243; custom_padding=&#8221;|||&#8221; global_colors_info=&#8221;{}&#8221; custom_padding__hover=&#8221;|||&#8221;][et_pb_text _builder_version=&#8221;4.27.4&#8243; header_font=&#8221;&#8211;et_global_heading_font|700|||||||&#8221; header_font_size=&#8221;64px&#8221; text_orientation=&#8221;center&#8221; background_layout=&#8221;dark&#8221; module_alignment=&#8221;center&#8221; custom_padding=&#8221;30px||30px|&#8221; hover_enabled=&#8221;0&#8243; border_style=&#8221;solid&#8221; global_colors_info=&#8221;{}&#8221; header_font_size_last_edited=&#8221;on|desktop&#8221; sticky_enabled=&#8221;0&#8243; header_font_size_tablet=&#8221;54px&#8221; header_font_size_phone=&#8221;48px&#8221; header_line_height=&#8221;1.3em&#8221;]<\/p>\n<h1>Resa till Stockholm med b\u00e5t<\/h1>\n<p>[\/et_pb_text][\/et_pb_column][\/et_pb_row][\/et_pb_section][et_pb_section fb_built=&#8221;1&#8243; _builder_version=&#8221;4.16&#8243; global_colors_info=&#8221;{}&#8221;][et_pb_row custom_padding_last_edited=&#8221;on|phone&#8221; _builder_version=&#8221;4.27.4&#8243; custom_padding=&#8221;|150px||150px&#8221; custom_padding_tablet=&#8221;|0px||0px&#8221; custom_padding_phone=&#8221;0px||||false|false&#8221; hover_enabled=&#8221;0&#8243; global_colors_info=&#8221;{}&#8221; sticky_enabled=&#8221;0&#8243;][et_pb_column type=&#8221;4_4&#8243; _builder_version=&#8221;4.16&#8243; background_position=&#8221;top_left&#8221; custom_padding=&#8221;|||&#8221; global_colors_info=&#8221;{}&#8221; custom_padding__hover=&#8221;|||&#8221;][et_pb_text admin_label=&#8221;Intro&#8221; _builder_version=&#8221;4.24.3&#8243; header_font=&#8221;|on|||&#8221; header_font_size=&#8221;48px&#8221; header_2_font=&#8221;|700||on|||||&#8221; header_2_text_align=&#8221;center&#8221; header_2_font_size=&#8221;28px&#8221; header_2_line_height=&#8221;1.3em&#8221; header_3_font=&#8221;|800||on|||||&#8221; header_3_text_align=&#8221;center&#8221; header_3_font_size=&#8221;20px&#8221; header_3_letter_spacing=&#8221;2px&#8221; header_3_line_height=&#8221;1.3em&#8221; header_5_font=&#8221;|700|||||||&#8221; header_5_font_size=&#8221;20px&#8221; module_alignment=&#8221;center&#8221; header_2_font_size_tablet=&#8221;28px&#8221; header_2_font_size_phone=&#8221;24px&#8221; header_2_font_size_last_edited=&#8221;on|desktop&#8221; border_style=&#8221;solid&#8221; global_colors_info=&#8221;{}&#8221;]Stockholm \u00e4r en stad d\u00e4r vattnet st\u00e5r i centrum, s\u00e5 det \u00e4r klart att du kan resa hit med b\u00e5t. Och att glida in genom stadens sk\u00e4rg\u00e5rd med sina ca 30 000 \u00f6ar \u00e4r sannerligen en upplevelse ut\u00f6ver det vanliga. Flera f\u00e4rjelinjer trafikerar Stockholm och hamnarna \u00e4r centralt bel\u00e4gna.<\/p>\n<p>Reser du fr\u00e5n Finland, Polen eller de baltiska l\u00e4nderna? D\u00e5 finns det regulj\u00e4r trafik med stora passagerar- och bilf\u00e4rjor som l\u00e4gger till vid egna terminaler. Och under b\u00e5tresorna kan du njuta av b\u00e5de god mat, shopping och n\u00f6jen.<\/p>\n<p>Stockholm \u00e4r dessutom en popul\u00e4r kryssningsdestination, och omkring 300 kryssningsfartyg fr\u00e5n hela v\u00e4rlden g\u00f6r uppeh\u00e5ll i Sveriges vackra huvudstad varje \u00e5r, fr\u00e4mst till i hamnarna Stadsg\u00e5rdskajen och Frihamnen som ligger n\u00e4ra stadens sev\u00e4rdheter.[\/et_pb_text][\/et_pb_column][\/et_pb_row][\/et_pb_section][et_pb_section fb_built=&#8221;1&#8243; _builder_version=&#8221;4.24.3&#8243; custom_padding=&#8221;0px||||false|false&#8221; global_colors_info=&#8221;{}&#8221;][et_pb_row custom_padding_last_edited=&#8221;on|phone&#8221; _builder_version=&#8221;4.24.3&#8243; custom_padding=&#8221;|150px||150px&#8221; custom_padding_tablet=&#8221;|0px||0px&#8221; custom_padding_phone=&#8221;&#8221; global_colors_info=&#8221;{}&#8221;][et_pb_column type=&#8221;4_4&#8243; _builder_version=&#8221;4.16&#8243; background_position=&#8221;top_left&#8221; custom_padding=&#8221;|||&#8221; global_colors_info=&#8221;{}&#8221; custom_padding__hover=&#8221;|||&#8221;][et_pb_icon font_icon=&#8221;&#xf21a;||fa||900&#8243; icon_width=&#8221;64px&#8221; _builder_version=&#8221;4.24.3&#8243; _module_preset=&#8221;default&#8221; global_colors_info=&#8221;{}&#8221;][\/et_pb_icon][et_pb_text admin_label=&#8221;Ferry Lines&#8221; module_class=&#8221;content&#8221; _builder_version=&#8221;4.27.4&#8243; header_font=&#8221;|on|||&#8221; header_font_size=&#8221;48px&#8221; header_2_font=&#8221;|700|||||||&#8221; header_2_text_align=&#8221;center&#8221; header_2_font_size=&#8221;36px&#8221; header_2_line_height=&#8221;1.3em&#8221; header_3_font=&#8221;|800||on|||||&#8221; header_3_text_align=&#8221;center&#8221; header_3_font_size=&#8221;20px&#8221; header_3_letter_spacing=&#8221;2px&#8221; header_3_line_height=&#8221;1.3em&#8221; header_5_font=&#8221;|700|||||||&#8221; header_5_font_size=&#8221;20px&#8221; module_alignment=&#8221;center&#8221; hover_enabled=&#8221;0&#8243; header_2_font_size_tablet=&#8221;32px&#8221; header_2_font_size_phone=&#8221;28px&#8221; header_2_font_size_last_edited=&#8221;on|desktop&#8221; border_style=&#8221;solid&#8221; global_colors_info=&#8221;{}&#8221; sticky_enabled=&#8221;0&#8243;]<\/p>\n<h2>F\u00e4rjelinjer<\/h2>\n<p>[\/et_pb_text][\/et_pb_column][\/et_pb_row][et_pb_row column_structure=&#8221;1_2,1_2&#8243; custom_padding_last_edited=&#8221;on|phone&#8221; _builder_version=&#8221;4.24.3&#8243; custom_margin=&#8221;-20px||||false|false&#8221; custom_padding=&#8221;|150px||150px&#8221; custom_padding_tablet=&#8221;|0px||0px&#8221; custom_padding_phone=&#8221;0px||0px||false|false&#8221; global_colors_info=&#8221;{}&#8221;][et_pb_column type=&#8221;1_2&#8243; _builder_version=&#8221;4.16&#8243; background_position=&#8221;top_left&#8221; custom_padding=&#8221;|||&#8221; global_colors_info=&#8221;{}&#8221; custom_padding__hover=&#8221;|||&#8221;][et_pb_text admin_label=&#8221;Ferry Lines&#8221; module_class=&#8221;content&#8221; _builder_version=&#8221;4.27.4&#8243; header_font=&#8221;|on|||&#8221; header_font_size=&#8221;48px&#8221; header_2_font=&#8221;|700||on|||||&#8221; header_2_text_align=&#8221;center&#8221; header_2_font_size=&#8221;28px&#8221; header_2_line_height=&#8221;1.3em&#8221; header_3_font=&#8221;|700|||||||&#8221; header_3_font_size=&#8221;24px&#8221; header_5_font=&#8221;|700|||||||&#8221; header_5_font_size=&#8221;20px&#8221; module_alignment=&#8221;center&#8221; hover_enabled=&#8221;0&#8243; header_2_font_size_tablet=&#8221;28px&#8221; header_2_font_size_phone=&#8221;24px&#8221; header_2_font_size_last_edited=&#8221;on|desktop&#8221; border_style=&#8221;solid&#8221; global_colors_info=&#8221;{}&#8221; sticky_enabled=&#8221;0&#8243;]<\/p>\n<h3>Tallink Silja Line<\/h3>\n<p>F\u00e4rjelinjer fr\u00e5n Helsingfors, \u00c5bo, \u00c5land, Tallinn och Riga<br \/><a href=\"https:\/\/se.tallink.com\/hitta-resa\" target=\"_blank\" rel=\"noopener nofollow\">tallink.com<\/a><\/p>\n<h3>Viking Line<\/h3>\n<p>F\u00e4rjelinjer fr\u00e5n Helsingfors, \u00c5bo, \u00c5land och Tallinn<br \/><a href=\"https:\/\/www.vikingline.se\" target=\"_blank\" rel=\"noopener nofollow\">vikingline.se<\/a><\/p>\n<p>[\/et_pb_text][\/et_pb_column][et_pb_column type=&#8221;1_2&#8243; _builder_version=&#8221;4.16&#8243; background_position=&#8221;top_left&#8221; custom_padding=&#8221;|||&#8221; global_colors_info=&#8221;{}&#8221; custom_padding__hover=&#8221;|||&#8221;][et_pb_text admin_label=&#8221;Ferry Lines&#8221; module_class=&#8221;content&#8221; _builder_version=&#8221;4.27.4&#8243; header_font=&#8221;|on|||&#8221; header_font_size=&#8221;48px&#8221; header_2_font=&#8221;|700||on|||||&#8221; header_2_text_align=&#8221;center&#8221; header_2_font_size=&#8221;28px&#8221; header_2_line_height=&#8221;1.3em&#8221; header_3_font=&#8221;|700|||||||&#8221; header_5_font=&#8221;|700|||||||&#8221; header_5_font_size=&#8221;20px&#8221; module_alignment=&#8221;center&#8221; hover_enabled=&#8221;0&#8243; header_2_font_size_tablet=&#8221;28px&#8221; header_2_font_size_phone=&#8221;24px&#8221; header_2_font_size_last_edited=&#8221;on|desktop&#8221; border_style=&#8221;solid&#8221; global_colors_info=&#8221;{}&#8221; header_3_font_size_last_edited=&#8221;off|desktop&#8221; header_3_font_size=&#8221;24px&#8221; sticky_enabled=&#8221;0&#8243;]<\/p>\n<h3>Ecker\u00f6linjen<\/h3>\n<p>F\u00e4rjelinjer fr\u00e5n \u00c5land (anl\u00e4nder till Grisslehamn)<br \/><a href=\"https:\/\/www.eckerolinjen.se\" target=\"_blank\" rel=\"noopener nofollow\">eckerolinjen.se<\/a><\/p>\n<h3>Polferries<\/h3>\n<p>F\u00e4rjelinjer fr\u00e5n Gda\u0144sk (anl\u00e4nder till Nyn\u00e4shamn)<br \/><a href=\"https:\/\/polferries.se\" target=\"_blank\" rel=\"noopener nofollow\">polferries.se<\/a><\/p>\n<p>[\/et_pb_text][\/et_pb_column][\/et_pb_row][\/et_pb_section][et_pb_section fb_built=&#8221;1&#8243; _builder_version=&#8221;4.24.3&#8243; custom_padding=&#8221;0px||||false|false&#8221; global_colors_info=&#8221;{}&#8221;][et_pb_row custom_padding_last_edited=&#8221;on|phone&#8221; _builder_version=&#8221;4.24.3&#8243; custom_padding=&#8221;|150px||150px&#8221; custom_padding_tablet=&#8221;|0px||0px&#8221; custom_padding_phone=&#8221;&#8221; global_colors_info=&#8221;{}&#8221;][et_pb_column type=&#8221;4_4&#8243; _builder_version=&#8221;4.16&#8243; background_position=&#8221;top_left&#8221; custom_padding=&#8221;|||&#8221; global_colors_info=&#8221;{}&#8221; custom_padding__hover=&#8221;|||&#8221;][et_pb_text admin_label=&#8221;Harbors&#8221; module_class=&#8221;content&#8221; _builder_version=&#8221;4.27.4&#8243; header_font=&#8221;|on|||&#8221; header_font_size=&#8221;48px&#8221; header_2_font=&#8221;|700|||||||&#8221; header_2_text_align=&#8221;center&#8221; header_2_font_size=&#8221;36px&#8221; header_2_line_height=&#8221;1.3em&#8221; header_3_font=&#8221;|700|||||||&#8221; header_3_font_size=&#8221;24px&#8221; header_5_font=&#8221;|700|||||||&#8221; header_5_font_size=&#8221;20px&#8221; module_alignment=&#8221;center&#8221; hover_enabled=&#8221;0&#8243; header_2_font_size_tablet=&#8221;32px&#8221; header_2_font_size_phone=&#8221;28px&#8221; header_2_font_size_last_edited=&#8221;on|desktop&#8221; border_style=&#8221;solid&#8221; global_colors_info=&#8221;{}&#8221; sticky_enabled=&#8221;0&#8243;]<center><img decoding=\"async\" src=\"https:\/\/emvwr2994ad.exactdn.com\/wp-content\/uploads\/2024\/04\/icon-harbor.svg\" width=\"64\" \/><\/center><\/p>\n<h2>Hamnar<\/h2>\n<h3>Frihamnen<\/h3>\n<p>Frihamnen \u00e4r en av Stockholms st\u00f6rsta hamnar. H\u00e4r avg\u00e5r och anl\u00e4nder kryssningsfartyg och f\u00e4rjor varje dag, bland andra Tallink-Siljas f\u00e4rjor fr\u00e5n Helsingfors, \u00c5bo, Tallinn och Riga.<\/p>\n<p>Hamnen ligger ungef\u00e4r 3 km fr\u00e5n centrum och det tar ca 10 minuter med taxi och 20 minuter med kollektivtrafiken (tunnelbanestationen G\u00e4rdet eller buss 1, 72 och 76) att ta sig till city.<\/p>\n<h3>Stadsg\u00e5rdskajen<\/h3>\n<p>Stadsg\u00e5rdskajen \u00e4r en stor hamn i Stockholm, och den mest centralt bel\u00e4gna. Viking Lines f\u00e4rjor fr\u00e5n \u00c5land och Finland avg\u00e5r och anl\u00e4nder hit dagligen.<\/p>\n<p>Du kan enkelt g\u00e5 till Gamla stan (tar ca 10-20 minuter) eller centrum (tar ca 20-30 minuter). Du kan ocks\u00e5 \u00e5ka taxi. Och missa inte Hop on hop off-sightseeing med buss som finns tillg\u00e4nglig fr\u00e5n hamnomr\u00e5det.<\/p>\n<h3>Kapellsk\u00e4r Harbor<\/h3>\n<p>Kapellsk\u00e4r ligger cirka 80 kilometer norr om Stockholm city, och h\u00e4r avg\u00e5r och anl\u00e4nder Viking Lines f\u00e4rjor till och fr\u00e5n \u00c5land. Det finns bussar som tar dig till Cityterminalen i Stockholm city.<\/p>\n<h3>Grisslehamn Harbor<\/h3>\n<p>Grisslehamn ligger cirka 113 kilometer norr om Stockholm city, och h\u00e4r avg\u00e5r och anl\u00e4nder Ecker\u00f6linjens f\u00e4rjor fr\u00e5n \u00c5land. Det finns bussar som tar dig till Cityterminalen i Stockholm city.<\/p>\n<h3>Nyn\u00e4shamn harbor<\/h3>\n<p>Nyn\u00e4shamn ligger cirka 57 kilometer s\u00f6der om Stockholm. B\u00e5de kryssningsfartyg och Polferries f\u00e4rjor till och fr\u00e5n Gdansk i Polen kommer hit. F\u00f6r att inte tala Destination Gotlands f\u00e4rjor till och fr\u00e5n Gotland. Det finns bussar och pendelt\u00e5g som tar dig fr\u00e5n f\u00e4rjeterminalen till Stockholm city.[\/et_pb_text][\/et_pb_column][\/et_pb_row][\/et_pb_section][et_pb_section fb_built=&#8221;1&#8243; _builder_version=&#8221;4.16&#8243; global_colors_info=&#8221;{}&#8221;][et_pb_row _builder_version=&#8221;4.16&#8243; custom_margin=&#8221;-60px|||&#8221; global_colors_info=&#8221;{}&#8221;][et_pb_column type=&#8221;4_4&#8243; _builder_version=&#8221;4.16&#8243; background_position=&#8221;top_left&#8221; custom_padding=&#8221;|||&#8221; global_colors_info=&#8221;{}&#8221; custom_padding__hover=&#8221;|||&#8221;][et_pb_text admin_label=&#8221;More travel information&#8221; _builder_version=&#8221;4.27.4&#8243; header_font=&#8221;|on|||&#8221; header_font_size=&#8221;48px&#8221; header_2_font=&#8221;|700|||||||&#8221; header_2_font_size=&#8221;34px&#8221; header_2_line_height=&#8221;1.3em&#8221; text_orientation=&#8221;center&#8221; module_alignment=&#8221;center&#8221; hover_enabled=&#8221;0&#8243; header_2_font_size_last_edited=&#8221;on|desktop&#8221; border_style=&#8221;solid&#8221; global_colors_info=&#8221;{}&#8221; sticky_enabled=&#8221;0&#8243; header_2_font_size_tablet=&#8221;30px&#8221; header_2_font_size_phone=&#8221;26px&#8221;]<\/p>\n<h2>Mer reseinformation<\/h2>\n<p>[\/et_pb_text][\/et_pb_column][\/et_pb_row][et_pb_row column_structure=&#8221;1_2,1_2&#8243; use_custom_gutter=&#8221;on&#8221; gutter_width=&#8221;4&#8243; custom_padding_last_edited=&#8221;on|desktop&#8221; _builder_version=&#8221;4.24.3&#8243; background_size=&#8221;initial&#8221; background_position=&#8221;top_left&#8221; background_repeat=&#8221;repeat&#8221; custom_padding=&#8221;|150px||150px|false|true&#8221; custom_padding_tablet=&#8221;|0px||0px|false|true&#8221; custom_padding_phone=&#8221;|30px||30px|false|true&#8221; global_colors_info=&#8221;{}&#8221;][et_pb_column type=&#8221;1_2&#8243; _builder_version=&#8221;4.16&#8243; custom_padding=&#8221;|||&#8221; global_colors_info=&#8221;{}&#8221; custom_padding__hover=&#8221;|||&#8221;][et_pb_blurb title=&#8221;Resa till Stockholm med flyg&#8221; url=&#8221;https:\/\/viewstockholm.com\/resa-till-stockholm-med-flyg\/&#8221; image=&#8221;https:\/\/viewstockholm.com\/wp-content\/uploads\/2015\/09\/travel-stockholm-airplane.jpg&#8221; alt=&#8221;Travel to Stockholm by airplane&#8221; admin_label=&#8221;Airplane&#8221; _builder_version=&#8221;4.24.3&#8243; _module_preset=&#8221;default&#8221; header_font=&#8221;|700|||||||&#8221; header_font_size=&#8221;22px&#8221; header_line_height=&#8221;1.1em&#8221; text_orientation=&#8221;center&#8221; custom_margin=&#8221;||50px||false|false&#8221; custom_margin_tablet=&#8221;|20px|||false|false&#8221; custom_margin_phone=&#8221;|0px|||false|false&#8221; custom_margin_last_edited=&#8221;off|desktop&#8221; custom_padding=&#8221;||20px||false|false&#8221; animation=&#8221;off&#8221; link_option_url=&#8221;https:\/\/viewstockholm.com\/resa-till-stockholm-med-flyg\/&#8221; header_font_size_tablet=&#8221;20px&#8221; header_font_size_phone=&#8221;20px&#8221; header_font_size_last_edited=&#8221;on|desktop&#8221; custom_css_blurb_title=&#8221;padding-left: 20px;||padding-right: 20px;||margin-top: -10px;||margin-bottom: -5px;&#8221; border_radii=&#8221;on|10px|10px|10px|10px&#8221; box_shadow_style=&#8221;preset1&#8243; box_shadow_blur=&#8221;40px&#8221; box_shadow_color=&#8221;rgba(0,0,0,0.15)&#8221; global_colors_info=&#8221;{}&#8221; image_icon_background_color__hover_enabled=&#8221;off|hover&#8221;][\/et_pb_blurb][et_pb_blurb title=&#8221;Resa till Stockholm med buss&#8221; url=&#8221;https:\/\/viewstockholm.com\/resa-till-stockholm-med-buss\/&#8221; image=&#8221;https:\/\/viewstockholm.com\/wp-content\/uploads\/2015\/09\/travel-stockholm-bus.jpg&#8221; alt=&#8221;Travel to Stockholm by bus&#8221; admin_label=&#8221;Bus&#8221; _builder_version=&#8221;4.24.3&#8243; _module_preset=&#8221;default&#8221; header_font=&#8221;|700|||||||&#8221; header_font_size=&#8221;22px&#8221; header_line_height=&#8221;1.1em&#8221; text_orientation=&#8221;center&#8221; custom_margin=&#8221;||50px||false|false&#8221; custom_margin_tablet=&#8221;|20px|||false|false&#8221; custom_margin_phone=&#8221;|0px|||false|false&#8221; custom_margin_last_edited=&#8221;off|desktop&#8221; custom_padding=&#8221;||20px||false|false&#8221; animation=&#8221;off&#8221; link_option_url=&#8221;https:\/\/viewstockholm.com\/resa-till-stockholm-med-buss\/&#8221; header_font_size_tablet=&#8221;20px&#8221; header_font_size_phone=&#8221;20px&#8221; header_font_size_last_edited=&#8221;on|desktop&#8221; custom_css_blurb_title=&#8221;padding-left: 20px;||padding-right: 20px;||margin-top: -10px;||margin-bottom: -5px;&#8221; border_radii=&#8221;on|10px|10px|10px|10px&#8221; box_shadow_style=&#8221;preset1&#8243; box_shadow_blur=&#8221;40px&#8221; box_shadow_color=&#8221;rgba(0,0,0,0.15)&#8221; global_colors_info=&#8221;{}&#8221; image_icon_background_color__hover_enabled=&#8221;off|hover&#8221;][\/et_pb_blurb][\/et_pb_column][et_pb_column type=&#8221;1_2&#8243; _builder_version=&#8221;4.16&#8243; custom_padding=&#8221;|||&#8221; global_colors_info=&#8221;{}&#8221; custom_padding__hover=&#8221;|||&#8221;][et_pb_blurb title=&#8221;Resa till Stockholm med t\u00e5g&#8221; url=&#8221;https:\/\/viewstockholm.com\/resa-till-stockholm-med-tag\/&#8221; image=&#8221;https:\/\/viewstockholm.com\/wp-content\/uploads\/2015\/09\/travel-stockholm-train.jpg&#8221; alt=&#8221;Travel to Stockholm by train&#8221; admin_label=&#8221;Train&#8221; _builder_version=&#8221;4.24.3&#8243; _module_preset=&#8221;default&#8221; header_font=&#8221;|700|||||||&#8221; header_font_size=&#8221;22px&#8221; header_line_height=&#8221;1.1em&#8221; text_orientation=&#8221;center&#8221; custom_margin=&#8221;||50px||false|false&#8221; custom_margin_tablet=&#8221;|20px|||false|false&#8221; custom_margin_phone=&#8221;|0px|||false|false&#8221; custom_margin_last_edited=&#8221;off|desktop&#8221; custom_padding=&#8221;||20px||false|false&#8221; animation=&#8221;off&#8221; link_option_url=&#8221;https:\/\/viewstockholm.com\/resa-till-stockholm-med-tag\/&#8221; header_font_size_tablet=&#8221;20px&#8221; header_font_size_phone=&#8221;20px&#8221; header_font_size_last_edited=&#8221;on|desktop&#8221; custom_css_blurb_title=&#8221;padding-left: 20px;||padding-right: 20px;||margin-top: -10px;||margin-bottom: -5px;&#8221; border_radii=&#8221;on|10px|10px|10px|10px&#8221; box_shadow_style=&#8221;preset1&#8243; box_shadow_blur=&#8221;40px&#8221; box_shadow_color=&#8221;rgba(0,0,0,0.15)&#8221; global_colors_info=&#8221;{}&#8221; image_icon_background_color__hover_enabled=&#8221;off|hover&#8221;][\/et_pb_blurb][et_pb_blurb title=&#8221;Resa till Stockholm med bil&#8221; url=&#8221;https:\/\/viewstockholm.com\/resa-till-stockholm-med-bil\/&#8221; image=&#8221;https:\/\/viewstockholm.com\/wp-content\/uploads\/2015\/09\/travel-stockholm-car.jpg&#8221; alt=&#8221;Travel to Stockholm by car&#8221; admin_label=&#8221;Car&#8221; _builder_version=&#8221;4.24.3&#8243; _module_preset=&#8221;default&#8221; header_font=&#8221;|700|||||||&#8221; header_font_size=&#8221;22px&#8221; header_line_height=&#8221;1.1em&#8221; text_orientation=&#8221;center&#8221; custom_margin=&#8221;||||false|false&#8221; custom_margin_tablet=&#8221;|20px|||false|false&#8221; custom_margin_phone=&#8221;|0px|||false|false&#8221; custom_margin_last_edited=&#8221;off|desktop&#8221; custom_padding=&#8221;||20px||false|false&#8221; animation=&#8221;off&#8221; link_option_url=&#8221;https:\/\/viewstockholm.com\/resa-till-stockholm-med-bil\/&#8221; header_font_size_tablet=&#8221;20px&#8221; header_font_size_phone=&#8221;20px&#8221; header_font_size_last_edited=&#8221;on|desktop&#8221; custom_css_blurb_title=&#8221;padding-left: 20px;||padding-right: 20px;||margin-top: -10px;||margin-bottom: -5px;&#8221; border_radii=&#8221;on|10px|10px|10px|10px&#8221; box_shadow_style=&#8221;preset1&#8243; box_shadow_blur=&#8221;40px&#8221; box_shadow_color=&#8221;rgba(0,0,0,0.15)&#8221; global_colors_info=&#8221;{}&#8221; image_icon_background_color__hover_enabled=&#8221;off|hover&#8221;][\/et_pb_blurb][\/et_pb_column][\/et_pb_row][\/et_pb_section]<\/p>\n","protected":false},"excerpt":{"rendered":"<p>Resa till Stockholm med b\u00e5tStockholm \u00e4r en stad d\u00e4r vattnet st\u00e5r i centrum, s\u00e5 det \u00e4r klart att du kan [&hellip;]<\/p>\n","protected":false},"author":2,"featured_media":21203,"parent":0,"menu_order":0,"comment_status":"closed","ping_status":"closed","template":"","meta":{"_et_pb_use_builder":"on","_et_pb_old_content":"Stockholm is truly a city of water, so of course you can travel here by boat. And entering through the city\u2019s archipelago with about 30 000 islands is for sure an extraordinary experience. Several ferry lines serve Stockholm and the harbors are centrally located.\r\n\r\nGoing from Finland, Poland, or the Baltic states? Then there are regular services with large passenger and car ferries that dock at their own terminals. And during your boat trip you can both enjoy good food, shopping, and entertainment.\r\n\r\nStockholm is also a popular cruise destination, and about 300 cruise-ships from around the world make a stop in Sweden\u2019s beautiful capital each year, primarily at the harbors Stadsg\u00e5rdskajen och Frihamnen that are close to the city attractions.\r\n<h2 style=\"padding-bottom: 20px;\">Ferry Lines<\/h2>\r\n<h3>Tallink-Silja<\/h3>\r\nFerry lines to Helsinki, Turku, \u00c5land, Tallinn, Riga\r\n<strong>Website:<\/strong> <a href=\"http:\/\/www.tallink.com\" target=\"_blank\">tallink.com<\/a>\r\n<h3>Viking Line<\/h3>\r\nFerry lines to Helsinki, Turku, \u00c5land, Tallinn\r\n<strong>Website:<\/strong> <a href=\"http:\/\/www.sales.vikingline.com\" target=\"_blank\">sales.vikingline.com<\/a>\r\n<h3>Birka Cruises:<\/h3>\r\nFerry lines to \u00c5land\r\n<strong>Website:<\/strong> <a href=\"https:\/\/en.birka.se\" target=\"_blank\">en.birka.se<\/a>\r\n<h3>Ecker\u00f6linjen:<\/h3>\r\nFerry lines to \u00c5land (arrives at Grisslehamn)\r\n<strong>Website:<\/strong> <a href=\"https:\/\/www.eckerolinjen.se\/en\/\" target=\"_blank\">eckerolinjen.se\/en\/<\/a>\r\n<h3>Polferries:<\/h3>\r\nFerry lines to Gda\u0144sk (arrives at Nyn\u00e4shamn)\r\n<strong>Website:<\/strong> <a href=\"http:\/\/polferries.com\/ferry\" target=\"_blank\">polferries.com\/ferry<\/a>\r\n<h2 style=\"padding-bottom: 20px;\">Harbors<\/h2>\r\n<h3>Frihamnen<\/h3>\r\nFrihamnen is one of Stockholm\u2019s largest ports. Here are cruise ships and ferries arriving and departing every day, among others Tallink-Siljas ferries from Helsinki, \u00c5bo, Tallinn and Riga.\r\n\r\nIt is located about 3 kilometers away from downtown and it takes you about 10 minutes by taxi and 20 minutes by public transportation (underground station G\u00e4rdet or buses 1, 72 and 76) to get to the city centre.\r\n<h3>Stadsg\u00e5rdskajen<\/h3>\r\nStadsg\u00e5rdskajen is another large port in Stockholm, and the most centrally located. Viking Line\u2019s and Birka Cruises\u2019 ferries from \u00c5land and Finland arrive here daily.\r\n\r\nYou can easilywalk to Old Town (takes about 10-20 minutes) or the city center (takes about 20-30 minutes). Youcan alsogo by taxi. And do not miss the Hop on hop off sightseeing by bus available from the port area.\r\n<h3>Kapellsk\u00e4r harbor<\/h3>\r\nKapellsk\u00e4r is located approximately 80 kilometers north of Stockholm city, and Viking Line\u2019s ferries from \u00c5land arrive here. There are buses taking you to Cityterminalen in Stockholm city.\r\n<h3>Grisslehamn harbor<\/h3>\r\nGrisslehamn is located approximately 113 kilometers north of Stockholm city, and this is where Ecker\u00f6linjen\u2019s ferries from \u00c5land arrive. There are buses taking you to Cityterminalen in Stockholm city.\r\n<h3>Nyn\u00e4shamn harbor<\/h3>\r\nNyn\u00e4shamn is a suburb of Stockholm and located approximately 57 kilometers south. There are both cruise ships and Polferries ferries from Gdansk in Poland arriving here. And not to mention Destination Gotland\u2019s ferries from the Swedish island of Gotland. There are buses as well as commuter trains taking you from the ferry terminal to Stockholm city.\r\n\r\n<hr \/>\r\n\r\n<h2>More travel information<\/h2>\r\n<a href=\"http:\/\/viewstockholm.com\/arrival-to-stockholm-by-airplane\/\">Arrival to Stockholm by airplane >><\/a>\r\n\r\n<a href=\"http:\/\/viewstockholm.com\/arrival-to-stockholm-by-bus\/\">Arrival to Stockholm by bus >><\/a>\r\n\r\n<a href=\"http:\/\/viewstockholm.com\/arrival-to-stockholm-by-train\/\">Arrival to Stockholm by train >><\/a>\r\n\r\n<a href=\"http:\/\/viewstockholm.com\/arrival-to-stockholm-by-car\/\">Arrival to Stockholm by car >><\/a>","_et_gb_content_width":"","_lmt_disableupdate":"no","_lmt_disable":"","footnotes":""},"class_list":["post-806","page","type-page","status-publish","has-post-thumbnail","hentry"],"acf":[],"_links":{"self":[{"href":"https:\/\/viewstockholm.com\/sv\/wp-json\/wp\/v2\/pages\/806","targetHints":{"allow":["GET"]}}],"collection":[{"href":"https:\/\/viewstockholm.com\/sv\/wp-json\/wp\/v2\/pages"}],"about":[{"href":"https:\/\/viewstockholm.com\/sv\/wp-json\/wp\/v2\/types\/page"}],"author":[{"embeddable":true,"href":"https:\/\/viewstockholm.com\/sv\/wp-json\/wp\/v2\/users\/2"}],"replies":[{"embeddable":true,"href":"https:\/\/viewstockholm.com\/sv\/wp-json\/wp\/v2\/comments?post=806"}],"version-history":[{"count":2,"href":"https:\/\/viewstockholm.com\/sv\/wp-json\/wp\/v2\/pages\/806\/revisions"}],"predecessor-version":[{"id":261430,"href":"https:\/\/viewstockholm.com\/sv\/wp-json\/wp\/v2\/pages\/806\/revisions\/261430"}],"wp:featuredmedia":[{"embeddable":true,"href":"https:\/\/viewstockholm.com\/sv\/wp-json\/wp\/v2\/media\/21203"}],"wp:attachment":[{"href":"https:\/\/viewstockholm.com\/sv\/wp-json\/wp\/v2\/media?parent=806"}],"curies":[{"name":"wp","href":"https:\/\/api.w.org\/{rel}","templated":true}]}}