      {"id":746,"date":"2015-09-30T13:25:30","date_gmt":"2015-09-30T11:25:30","guid":{"rendered":"http:\/\/viewstockholm.com\/?page_id=746&#038;lang=sv"},"modified":"2015-11-05T15:57:44","modified_gmt":"2015-11-05T14:57:44","slug":"cookies","status":"publish","type":"page","link":"https:\/\/viewstockholm.com\/sv\/cookies\/","title":{"rendered":"Cookies"},"content":{"rendered":"<p>Cookies \u00e4r sm\u00e5 textfiler som placeras p\u00e5 din dator av webbplatser du bes\u00f6ker. Den 25 maj 2011 tr\u00e4dde direktiv 2009\/136\/EG (&#8221;direktivet Cookies&#8221;), som \u00e4ndrar direktiv 2002\/58\/EG, i kraft inom Europeiska unionen (EU).<\/p>\n<p>Bland annat anger detta direktiv att &#8221;lagring av information eller att f\u00e5 tillg\u00e5ng till information som redan \u00e4r lagrad i terminalutrustningen av en prenumrant eller anv\u00e4ndare endast \u00e4r till\u00e5ten p\u00e5 villkor att prenumeranten eller anv\u00e4ndaren i fr\u00e5ga har gett sitt samtycke och har f\u00f6rsetts med tydlig och omfattande information&#8221;.<\/p>\n<p>Det h\u00e4r dokumentet inneh\u00e5ller en beskrivning av de cookies som anv\u00e4nds p\u00e5 ViewStockholm.com:s webbplats. Du kan hantera dessa cookies via din webbl\u00e4sares inst\u00e4llningar.<\/p>\n<p>V\u00e5r webbplats utvecklas n\u00e4r vi forts\u00e4tter att vidta \u00e5tg\u00e4rder f\u00f6r att genomf\u00f6ra de relevanta \u00e5tg\u00e4rder som anges i direktivet om cookies. F\u00f6ljaktligen kommer den h\u00e4r webbsidan och informationen ses \u00f6ver och uppdateras med j\u00e4mna mellanrum.<\/p>\n<h2>Cookies som anv\u00e4nds p\u00e5 denna webbplats<\/h2>\n<p>Nedan hittar du en lista cookies som skapas och l\u00e4ses n\u00e4r du surfar v\u00e5r hemsida. Vi har grupperat dessa cookies, som bygger p\u00e5 International Chamber of Commerce (ICC):s cookie-guide, i fyra kategorier f\u00f6r n\u00e4rvarande:<\/p>\n<ol>\n<li>Str\u00e4ngt n\u00f6dv\u00e4ndiga cookies<\/li>\n<li>Prestandacookies<\/li>\n<li>Funktionscookies<\/li>\n<li>Annonseringscookies<\/li>\n<\/ol>\n<p>L\u00e4s hela International Chamber of Commerces cookie-guide <a href=\"http:\/\/www.cookielaw.org\/media\/1096\/icc_uk_cookiesguide_revnov.pdf\" target=\"_blank\" rel=\"nofollow noopener\">h\u00e4r<\/a>\u00a0(engelska).<\/p>\n","protected":false},"excerpt":{"rendered":"<p>Cookies \u00e4r sm\u00e5 textfiler som placeras p\u00e5 din dator av webbplatser du bes\u00f6ker. Den 25 maj 2011 tr\u00e4dde direktiv 2009\/136\/EG [&hellip;]<\/p>\n","protected":false},"author":2,"featured_media":0,"parent":0,"menu_order":0,"comment_status":"closed","ping_status":"closed","template":"","meta":{"_et_pb_use_builder":"","_et_pb_old_content":"","_et_gb_content_width":"","_lmt_disableupdate":"","_lmt_disable":"","footnotes":""},"class_list":["post-746","page","type-page","status-publish","hentry"],"acf":[],"_links":{"self":[{"href":"https:\/\/viewstockholm.com\/sv\/wp-json\/wp\/v2\/pages\/746","targetHints":{"allow":["GET"]}}],"collection":[{"href":"https:\/\/viewstockholm.com\/sv\/wp-json\/wp\/v2\/pages"}],"about":[{"href":"https:\/\/viewstockholm.com\/sv\/wp-json\/wp\/v2\/types\/page"}],"author":[{"embeddable":true,"href":"https:\/\/viewstockholm.com\/sv\/wp-json\/wp\/v2\/users\/2"}],"replies":[{"embeddable":true,"href":"https:\/\/viewstockholm.com\/sv\/wp-json\/wp\/v2\/comments?post=746"}],"version-history":[{"count":0,"href":"https:\/\/viewstockholm.com\/sv\/wp-json\/wp\/v2\/pages\/746\/revisions"}],"wp:attachment":[{"href":"https:\/\/viewstockholm.com\/sv\/wp-json\/wp\/v2\/media?parent=746"}],"curies":[{"name":"wp","href":"https:\/\/api.w.org\/{rel}","templated":true}]}}