      {"id":5256,"date":"2016-06-13T10:37:44","date_gmt":"2016-06-13T08:37:44","guid":{"rendered":"http:\/\/viewstockholm.com\/sv\/?page_id=5256"},"modified":"2025-06-25T11:40:10","modified_gmt":"2025-06-25T09:40:10","slug":"karriar","status":"publish","type":"page","link":"https:\/\/viewstockholm.com\/sv\/karriar\/","title":{"rendered":"Jobba med oss"},"content":{"rendered":"<p>[et_pb_section fb_built=&#8221;1&#8243; admin_label=&#8221;Hero&#8221; _builder_version=&#8221;4.27.4&#8243; _module_preset=&#8221;default&#8221; background_image=&#8221;https:\/\/viewstockholm.com\/wp-content\/uploads\/2018\/11\/view-stockholm-background.jpg&#8221; background_last_edited=&#8221;on|phone&#8221; background_image_phone=&#8221;https:\/\/viewstockholm.com\/wp-content\/uploads\/2025\/06\/view-stockholm-pages-header-mobile.jpg&#8221; background_enable_image_phone=&#8221;on&#8221; global_colors_info=&#8221;{}&#8221;][et_pb_row custom_padding_last_edited=&#8221;on|desktop&#8221; _builder_version=&#8221;4.27.2&#8243; _module_preset=&#8221;default&#8221; custom_padding=&#8221;100px||100px||true|false&#8221; custom_padding_tablet=&#8221;50px||50px||false|false&#8221; custom_padding_phone=&#8221;40px||40px||false|false&#8221; global_colors_info=&#8221;{}&#8221;][et_pb_column type=&#8221;4_4&#8243; _builder_version=&#8221;4.27.2&#8243; _module_preset=&#8221;default&#8221; global_colors_info=&#8221;{}&#8221;][et_pb_text admin_label=&#8221;Title&#8221; module_class=&#8221;hero&#8221; _builder_version=&#8221;4.27.4&#8243; _module_preset=&#8221;default&#8221; header_font=&#8221;|700|||||||&#8221; header_font_size=&#8221;64px&#8221; header_line_height=&#8221;1.1em&#8221; header_3_font=&#8221;|300||on|||||&#8221; header_3_font_size=&#8221;28px&#8221; header_3_letter_spacing=&#8221;2px&#8221; header_3_line_height=&#8221;1.2em&#8221; text_orientation=&#8221;center&#8221; background_layout=&#8221;dark&#8221; hover_enabled=&#8221;0&#8243; header_font_size_tablet=&#8221;54px&#8221; header_font_size_phone=&#8221;48px&#8221; header_font_size_last_edited=&#8221;on|phone&#8221; header_3_font_size_tablet=&#8221;26px&#8221; header_3_font_size_phone=&#8221;24px&#8221; header_3_font_size_last_edited=&#8221;on|phone&#8221; global_colors_info=&#8221;{}&#8221; sticky_enabled=&#8221;0&#8243;]<\/p>\n<h1>Jobba med oss<\/h1>\n<p>[\/et_pb_text][\/et_pb_column][\/et_pb_row][\/et_pb_section][et_pb_section fb_built=&#8221;1&#8243; _builder_version=&#8221;4.27.4&#8243; global_colors_info=&#8221;{}&#8221;][et_pb_row custom_padding_last_edited=&#8221;on|desktop&#8221; _builder_version=&#8221;4.27.4&#8243; max_width=&#8221;1080px&#8221; custom_padding=&#8221;0px|150px||150px|false|false&#8221; custom_padding_tablet=&#8221;|0px||0px&#8221; custom_padding_phone=&#8221;&#8221; global_colors_info=&#8221;{}&#8221;][et_pb_column type=&#8221;4_4&#8243; _builder_version=&#8221;4.16&#8243; custom_padding=&#8221;|||&#8221; global_colors_info=&#8221;{}&#8221; custom_padding__hover=&#8221;|||&#8221;][et_pb_text module_class=&#8221;content&#8221; _builder_version=&#8221;4.27.4&#8243; link_font=&#8221;||||||||&#8221; header_2_font=&#8221;|700|||||||&#8221; header_2_font_size=&#8221;34px&#8221; header_2_line_height=&#8221;1.3em&#8221; header_3_font=&#8221;&#8211;et_global_heading_font|700|||||||&#8221; header_3_font_size=&#8221;28px&#8221; hover_enabled=&#8221;0&#8243; header_2_font_size_tablet=&#8221;30px&#8221; header_2_font_size_phone=&#8221;26px&#8221; header_2_font_size_last_edited=&#8221;on|desktop&#8221; header_3_font_size_tablet=&#8221;26px&#8221; header_3_font_size_phone=&#8221;22px&#8221; header_3_font_size_last_edited=&#8221;on|phone&#8221; z_index_tablet=&#8221;500&#8243; text_text_shadow_horizontal_length_tablet=&#8221;0px&#8221; text_text_shadow_vertical_length_tablet=&#8221;0px&#8221; text_text_shadow_blur_strength_tablet=&#8221;1px&#8221; link_text_shadow_horizontal_length_tablet=&#8221;0px&#8221; link_text_shadow_vertical_length_tablet=&#8221;0px&#8221; link_text_shadow_blur_strength_tablet=&#8221;1px&#8221; ul_text_shadow_horizontal_length_tablet=&#8221;0px&#8221; ul_text_shadow_vertical_length_tablet=&#8221;0px&#8221; ul_text_shadow_blur_strength_tablet=&#8221;1px&#8221; ol_text_shadow_horizontal_length_tablet=&#8221;0px&#8221; ol_text_shadow_vertical_length_tablet=&#8221;0px&#8221; ol_text_shadow_blur_strength_tablet=&#8221;1px&#8221; quote_text_shadow_horizontal_length_tablet=&#8221;0px&#8221; quote_text_shadow_vertical_length_tablet=&#8221;0px&#8221; quote_text_shadow_blur_strength_tablet=&#8221;1px&#8221; header_text_shadow_horizontal_length_tablet=&#8221;0px&#8221; header_text_shadow_vertical_length_tablet=&#8221;0px&#8221; header_text_shadow_blur_strength_tablet=&#8221;1px&#8221; header_2_text_shadow_horizontal_length_tablet=&#8221;0px&#8221; header_2_text_shadow_vertical_length_tablet=&#8221;0px&#8221; header_2_text_shadow_blur_strength_tablet=&#8221;1px&#8221; header_3_text_shadow_horizontal_length_tablet=&#8221;0px&#8221; header_3_text_shadow_vertical_length_tablet=&#8221;0px&#8221; header_3_text_shadow_blur_strength_tablet=&#8221;1px&#8221; header_4_text_shadow_horizontal_length_tablet=&#8221;0px&#8221; header_4_text_shadow_vertical_length_tablet=&#8221;0px&#8221; header_4_text_shadow_blur_strength_tablet=&#8221;1px&#8221; header_5_text_shadow_horizontal_length_tablet=&#8221;0px&#8221; header_5_text_shadow_vertical_length_tablet=&#8221;0px&#8221; header_5_text_shadow_blur_strength_tablet=&#8221;1px&#8221; header_6_text_shadow_horizontal_length_tablet=&#8221;0px&#8221; header_6_text_shadow_vertical_length_tablet=&#8221;0px&#8221; header_6_text_shadow_blur_strength_tablet=&#8221;1px&#8221; box_shadow_horizontal_tablet=&#8221;0px&#8221; box_shadow_vertical_tablet=&#8221;0px&#8221; box_shadow_blur_tablet=&#8221;40px&#8221; box_shadow_spread_tablet=&#8221;0px&#8221; global_colors_info=&#8221;{}&#8221; sticky_enabled=&#8221;0&#8243;]<\/p>\n<p><strong>Vi \u00e4r alltid p\u00e5 jakt efter duktiga personer som kan f\u00f6rst\u00e4rka v\u00e5rt team. Just nu s\u00f6ker vi f\u00f6ljande:<\/strong><\/p>\n<h2>Copywriters\/journalister<\/h2>\n<hr \/>\n<p>Vi s\u00f6ker dig som \u00e4r copywriter, skribent eller journalist och kan skriva informativa och s\u00e4ljande texter till v\u00e5r webbplats. Jobbet passar perfekt f\u00f6r dig som \u00e4r i b\u00f6rjan av din frilanskarri\u00e4r eller dig som studerar till copywriter, webbredakt\u00f6r, journalist eller liknande och vill ha ett roligt extrajobb.<\/p>\n<p>Uppdragen inneb\u00e4r att skriva korta texter om v\u00e5ra kunder till guiderna p\u00e5 v\u00e5r webbplats. Texterna \u00e4r runt 150 ord och du f\u00e5r underlag genom att antingen g\u00f6ra en intervju med kunden eller via deras hemsida och andra onlinek\u00e4llor, det \u00e4r upp till dig. Du skriver texten p\u00e5 svenska och \u00f6vers\u00e4tter den sedan till engelska.<\/p>\n<p>En f\u00f6ruts\u00e4ttning f\u00f6r att kunna utf\u00f6ra jobbet, f\u00f6rutom att kunna skriva s\u00e4ljande texter av h\u00f6g kvalitet, \u00e4r att du kan ta och genomf\u00f6ra uppdrag inom ganska kort tid. Du beh\u00f6ver ocks\u00e5 vara sj\u00e4lvg\u00e5ende, engagerad och professionell i din kontakt med v\u00e5ra kunder. Det \u00e4r ocks\u00e5 ett krav att din engelska \u00e4r p\u00e5 en h\u00f6g niv\u00e5. Har du \u00e4ven kunskaper inom enklare bildbehandling \u00e4r det ett plus.<\/p>\n<h2>Om View Stockholm<\/h2>\n<hr \/>\n<p>ViewStockholm.com \u00e4r en turistguide p\u00e5 webben som guidar turister till det b\u00e4sta Stockholm har att erbjuda inom shopping, boende, restauranger, barer, nattliv, evenemang, upplevelser m.m. Sajtens inneh\u00e5ll finns p\u00e5 tv\u00e5 spr\u00e5k, engelska och svenska.<\/p>\n<h2>Ans\u00f6k nu!<\/h2>\n<hr \/>\n<p>Ans\u00f6k via mejl p\u00e5 <a href=\"&#x6d;&#x61;&#x69;&#x6c;&#x74;&#x6f;&#x3a;&#x69;&#x6e;&#x66;&#x6f;&#x40;&#x76;&#x69;&#x65;&#x77;&#x73;&#x74;&#x6f;&#x63;&#x6b;&#x68;&#x6f;&#x6c;&#x6d;&#x2e;&#x63;&#x6f;&#x6d;\">&#x69;&#x6e;&#x66;&#x6f;&#x40;&#x76;&#x69;&#x65;&#x77;&#x73;&#x74;&#x6f;&#x63;&#x6b;&#104;&#111;&#108;&#109;&#46;&#99;&#111;&#109; <\/a>d\u00e4r du ber\u00e4ttar kort om dig sj\u00e4lv och varf\u00f6r du vill jobba med oss. Bifoga ocks\u00e5 ett par arbetsprover. Vi arbetar med l\u00f6pande urval s\u00e5 s\u00f6k s\u00e5 snart som m\u00f6jligt.<\/p>\n<p><strong>Vi ser fram emot din ans\u00f6kan!<\/strong><\/p>\n<p>[\/et_pb_text][\/et_pb_column][\/et_pb_row][\/et_pb_section]<\/p>\n","protected":false},"excerpt":{"rendered":"<p>Jobba med ossVi \u00e4r alltid p\u00e5 jakt efter duktiga personer som kan f\u00f6rst\u00e4rka v\u00e5rt team. Just nu s\u00f6ker vi f\u00f6ljande: [&hellip;]<\/p>\n","protected":false},"author":2,"featured_media":0,"parent":0,"menu_order":0,"comment_status":"closed","ping_status":"closed","template":"","meta":{"_et_pb_use_builder":"on","_et_pb_old_content":"We are always looking for talented people. This is what we are looking for right now:\r\n\r\n<hr \/>\r\n\r\n<h2>Copywriter\/journalist -\u00a0extra job<\/h2>\r\nWe are looking for a copywriter or a journalist that can write texts to the\u00a0company place pages\u00a0on our website. It is a perfect extra job if you are a studying to become a copywriter, journalist or similar.\r\n\r\nThe tasks include doing interviews with our customers and then write a text of 500-600 words based on the interview and the information on the company's website. You schedule the interviews yourself and then do them either by phone or a visit (the companies are based in Stockholm), it is up to you.\r\n\r\n<a href=\"http:\/\/viewstockholm.com\/sv\/plats\/hastens-sangar\/\" target=\"_blank\">Click here for an example of a company place page.<\/a>\r\n\r\nA qualification for being able to perform the work, in addition to writing texts of high quality, is that you can take and do writing projects in a short time. You also need to be self-driven, committed and professional in your contacts with our customers.\r\n\r\n<strong>About ViewStockholm.com\r\n<\/strong>ViewStockholm.com is a tourist guide on the web that guides tourists to the best of what Stockholm has to offer when it comes to shopping, accommodation, restaurants, bars, nightlife, events, experiences, etc. The website content is available in two languages, English and Swedish. You will write your texts in Swedish and these will then be translated.\r\n\r\n<strong>Pay:<\/strong> 500 SEK + VAT per text that you bill us.\u00a0If you do not have class F tax certificate for contractors (F-skatt in Swedish) you can use services such as Cool Company, Frilans Finans etc.\r\n\r\nApply via email at <a href=\"mailto:jobb@viewstockholm.com\">jobb@viewstockholm.com <\/a>and tell us briefly about yourself and why you want to work with us. Also attach a few work samples.\r\n\r\nWe look forward to your application!","_et_gb_content_width":"","_lmt_disableupdate":"no","_lmt_disable":"","footnotes":""},"class_list":["post-5256","page","type-page","status-publish","hentry"],"acf":[],"_links":{"self":[{"href":"https:\/\/viewstockholm.com\/sv\/wp-json\/wp\/v2\/pages\/5256","targetHints":{"allow":["GET"]}}],"collection":[{"href":"https:\/\/viewstockholm.com\/sv\/wp-json\/wp\/v2\/pages"}],"about":[{"href":"https:\/\/viewstockholm.com\/sv\/wp-json\/wp\/v2\/types\/page"}],"author":[{"embeddable":true,"href":"https:\/\/viewstockholm.com\/sv\/wp-json\/wp\/v2\/users\/2"}],"replies":[{"embeddable":true,"href":"https:\/\/viewstockholm.com\/sv\/wp-json\/wp\/v2\/comments?post=5256"}],"version-history":[{"count":3,"href":"https:\/\/viewstockholm.com\/sv\/wp-json\/wp\/v2\/pages\/5256\/revisions"}],"predecessor-version":[{"id":261350,"href":"https:\/\/viewstockholm.com\/sv\/wp-json\/wp\/v2\/pages\/5256\/revisions\/261350"}],"wp:attachment":[{"href":"https:\/\/viewstockholm.com\/sv\/wp-json\/wp\/v2\/media?parent=5256"}],"curies":[{"name":"wp","href":"https:\/\/api.w.org\/{rel}","templated":true}]}}