      {"id":1790,"date":"2015-10-02T00:05:51","date_gmt":"2015-10-01T22:05:51","guid":{"rendered":"http:\/\/viewstockholm.com\/sv\/to-do\/"},"modified":"2025-06-24T15:59:32","modified_gmt":"2025-06-24T13:59:32","slug":"se-gora","status":"publish","type":"page","link":"https:\/\/viewstockholm.com\/sv\/se-gora\/","title":{"rendered":"Se &#038; g\u00f6ra i Stockholm"},"content":{"rendered":"<p>[et_pb_section fb_built=&#8221;1&#8243; admin_label=&#8221;Hero&#8221; _builder_version=&#8221;4.27.4&#8243; _module_preset=&#8221;default&#8221; background_image=&#8221;https:\/\/viewstockholm.com\/wp-content\/uploads\/2015\/10\/stockholm-outdoors-bg.jpg&#8221; hover_enabled=&#8221;0&#8243; background_last_edited=&#8221;on|phone&#8221; background_image_phone=&#8221;https:\/\/viewstockholm.com\/wp-content\/uploads\/2025\/06\/category-outdoors-header-mobile-1.jpg&#8221; background_enable_image_phone=&#8221;on&#8221; global_colors_info=&#8221;{}&#8221; sticky_enabled=&#8221;0&#8243;][et_pb_row custom_padding_last_edited=&#8221;on|desktop&#8221; _builder_version=&#8221;4.27.2&#8243; _module_preset=&#8221;default&#8221; custom_padding=&#8221;100px||100px||true|false&#8221; custom_padding_tablet=&#8221;50px||50px||false|false&#8221; custom_padding_phone=&#8221;40px||40px||false|false&#8221; global_colors_info=&#8221;{}&#8221;][et_pb_column type=&#8221;4_4&#8243; _builder_version=&#8221;4.27.2&#8243; _module_preset=&#8221;default&#8221; global_colors_info=&#8221;{}&#8221;][et_pb_text admin_label=&#8221;Titles&#8221; module_class=&#8221;hero&#8221; _builder_version=&#8221;4.27.4&#8243; _module_preset=&#8221;default&#8221; header_font=&#8221;|700|||||||&#8221; header_font_size=&#8221;64px&#8221; header_line_height=&#8221;1.1em&#8221; header_3_font=&#8221;|300||on|||||&#8221; header_3_font_size=&#8221;28px&#8221; header_3_letter_spacing=&#8221;2px&#8221; header_3_line_height=&#8221;1.2em&#8221; text_orientation=&#8221;center&#8221; background_layout=&#8221;dark&#8221; header_font_size_tablet=&#8221;54px&#8221; header_font_size_phone=&#8221;48px&#8221; header_font_size_last_edited=&#8221;on|phone&#8221; header_3_font_size_tablet=&#8221;26px&#8221; header_3_font_size_phone=&#8221;24px&#8221; header_3_font_size_last_edited=&#8221;on|phone&#8221; global_colors_info=&#8221;{}&#8221;]<\/p>\n<h1>Se &#038; g\u00f6ra i Stockholm<\/h1>\n<h3>Din guide till stans b\u00e4sta saker att se och g\u00f6ra<\/h3>\n<p>[\/et_pb_text][\/et_pb_column][\/et_pb_row][\/et_pb_section][et_pb_section fb_built=&#8221;1&#8243; admin_label=&#8221;Guide feed&#8221; _builder_version=&#8221;4.27.2&#8243; _module_preset=&#8221;default&#8221; global_colors_info=&#8221;{}&#8221;][et_pb_row _builder_version=&#8221;4.27.2&#8243; _module_preset=&#8221;default&#8221; custom_padding=&#8221;0px||||false|false&#8221; global_colors_info=&#8221;{}&#8221;][et_pb_column type=&#8221;4_4&#8243; _builder_version=&#8221;4.27.2&#8243; _module_preset=&#8221;default&#8221; global_colors_info=&#8221;{}&#8221;][et_pb_text admin_label=&#8221;Title&#8221; module_class=&#8221;category&#8221; _builder_version=&#8221;4.27.4&#8243; _module_preset=&#8221;default&#8221; header_2_font=&#8221;|700|||||||&#8221; header_2_font_size=&#8221;48px&#8221; text_orientation=&#8221;center&#8221; header_2_font_size_tablet=&#8221;42px&#8221; header_2_font_size_phone=&#8221;36px&#8221; header_2_font_size_last_edited=&#8221;on|phone&#8221; global_colors_info=&#8221;{}&#8221;]<\/p>\n<h2>Det senaste<\/h2>\n<hr \/>\n<p>Det senaste om vad du kan se och g\u00f6ra i Stockholm<\/p>\n<p>[\/et_pb_text][\/et_pb_column][\/et_pb_row][et_pb_row _builder_version=&#8221;4.27.2&#8243; _module_preset=&#8221;default&#8221; custom_padding=&#8221;||0px||false|false&#8221; global_colors_info=&#8221;{}&#8221;][et_pb_column type=&#8221;4_4&#8243; _builder_version=&#8221;4.27.2&#8243; _module_preset=&#8221;default&#8221; global_colors_info=&#8221;{}&#8221;][dpdfg_filtergrid include_categories=&#8221;1821,34,1245,1823,1247&#8243; post_number=&#8221;4&#8243; no_results=&#8221;Inga resultat hittades&#8221; thumbnail_size=&#8221;dfg_full&#8221; show_author=&#8221;off&#8221; show_terms=&#8221;on&#8221; hide_all=&#8221;on&#8221; pagination_type=&#8221;button&#8221; ajax_load_more_text=&#8221;Ladda fler guider&#8221; column_gutter=&#8221;3em&#8221; row_gutter=&#8221;3em&#8221; items_skin=&#8221;dp-dfg-skin-default dp-dfg-skin-itemsinoverlay&#8221; grid_font_size=&#8221;14px&#8221; hover_icon=&#8221;&#x55;||divi||400&#8243; overlay_icon_color=&#8221;#FFFFFF&#8221; hover_overlay_color=&#8221;rgba(0,0,0,0.5)&#8221; bg_filters=&#8221;#d1e7f5&#8243; items_width_tablet=&#8221;40%&#8221; items_width_phone=&#8221;30%&#8221; items_width_last_edited=&#8221;on|tablet&#8221; column_gutter_tablet=&#8221;5em&#8221; column_gutter_phone=&#8221;5em&#8221; column_gutter_last_edited=&#8221;on|desktop&#8221; row_gutter_tablet=&#8221;5em&#8221; row_gutter_phone=&#8221;5em&#8221; row_gutter_last_edited=&#8221;on|phone&#8221; admin_label=&#8221;Guides feed&#8221; module_class=&#8221;featured&#8221; _builder_version=&#8221;4.27.4&#8243; _module_preset=&#8221;default&#8221; dpdfg_entry_title_font=&#8221;|700|||||||&#8221; dpdfg_entry_title_text_align=&#8221;center&#8221; dpdfg_entry_title_text_color=&#8221;#FFFFFF&#8221; dpdfg_entry_title_font_size=&#8221;24px&#8221; dpdfg_entry_title_line_height=&#8221;1.3em&#8221; dpdfg_entry_meta_text_color=&#8221;#FFFFFF&#8221; dpdfg_entry_meta_font_size=&#8221;17px&#8221; dpdfg_filters_text_color=&#8221;#333333&#8243; custom_load_more_button=&#8221;on&#8221; load_more_button_text_size=&#8221;20px&#8221; load_more_button_text_color=&#8221;#FFFFFF&#8221; load_more_button_bg_color=&#8221;#000000&#8243; load_more_button_border_width=&#8221;0px&#8221; load_more_button_border_radius=&#8221;100px&#8221; load_more_button_font=&#8221;||||||||&#8221; load_more_button_use_icon=&#8221;off&#8221; load_more_button_alignment=&#8221;center&#8221; load_more_button_custom_padding=&#8221;5px|30px||30px|false|true&#8221; module_alignment=&#8221;center&#8221; hover_enabled=&#8221;0&#8243; dpdfg_entry_title_font_size_phone=&#8221;28px&#8221; dpdfg_entry_title_font_size_last_edited=&#8221;off|phone&#8221; custom_css_free_form=&#8221;selector ul.dp-dfg-level {||row-gap: 15px;||}&#8221; custom_css_dp-dfg-filter=&#8221;border: none;||border-radius: 100px;||padding: 8px 15px 8px 15px;||margin-left: 15px;&#8221; custom_css_dp-dfg-filter_active=&#8221;background-color: #5c8cb2;||border: none;||border-radius: 100px;||padding: 8px 15px 8px 15px;||margin-left: 15px;||&#8221; custom_css_entry-header=&#8221;padding-left: 20px;||padding-right: 20px;&#8221; custom_css_entry-meta=&#8221;background-color: #000;||position: absolute;||top: 0px;||left: 0px;||padding: 2px 10px 2px 10px;||padding-bottom: 2px !important;||border-radius: 0px 0px 15px 0px;&#8221; custom_css_entry-button=&#8221;margin-top: 30px;&#8221; border_radii=&#8221;on|15px|15px|15px|15px&#8221; border_width_all=&#8221;0px&#8221; global_colors_info=&#8221;{}&#8221; load_more_button_text_color__hover_enabled=&#8221;on|hover&#8221; load_more_button_text_color__hover=&#8221;#333333&#8243; load_more_button_bg_color__hover_enabled=&#8221;on|hover&#8221; load_more_button_bg_color__hover=&#8221;#d1e7f5&#8243; load_more_button_bg_enable_color__hover=&#8221;on&#8221; custom_css_entry-button_last_edited=&#8221;on|desktop&#8221; custom_css_entry-button_phone=&#8221;margin-top: 10px;&#8221; custom_css_entry-button_tablet=&#8221;margin-top: 30px;&#8221; sticky_enabled=&#8221;0&#8243;][\/dpdfg_filtergrid][\/et_pb_column][\/et_pb_row][\/et_pb_section][et_pb_section fb_built=&#8221;1&#8243; admin_label=&#8221;Explore more&#8221; module_class=&#8221;category&#8221; _builder_version=&#8221;4.27.2&#8243; _module_preset=&#8221;default&#8221; background_color=&#8221;#f3f3f3&#8243; locked=&#8221;off&#8221; global_colors_info=&#8221;{}&#8221;][et_pb_row _builder_version=&#8221;4.27.2&#8243; _module_preset=&#8221;default&#8221; custom_padding=&#8221;0px||||false|false&#8221; global_colors_info=&#8221;{}&#8221;][et_pb_column type=&#8221;4_4&#8243; _builder_version=&#8221;4.27.2&#8243; _module_preset=&#8221;default&#8221; global_colors_info=&#8221;{}&#8221;][et_pb_text admin_label=&#8221;Title&#8221; _builder_version=&#8221;4.27.4&#8243; _module_preset=&#8221;default&#8221; header_2_font=&#8221;|700|||||||&#8221; header_2_font_size=&#8221;48px&#8221; header_2_line_height=&#8221;1.2em&#8221; text_orientation=&#8221;center&#8221; header_2_font_size_tablet=&#8221;42px&#8221; header_2_font_size_phone=&#8221;36px&#8221; header_2_font_size_last_edited=&#8221;on|phone&#8221; global_colors_info=&#8221;{}&#8221;]<\/p>\n<h2>Utforska mer av Stockholm<\/h2>\n<hr>\n<p>Stockholm \u00e4r en levande stad med massor att erbjuda. B\u00f6rja utforska den!<\/p>\n<p>[\/et_pb_text][\/et_pb_column][\/et_pb_row][et_pb_row column_structure=&#8221;1_4,1_4,1_4,1_4&#8243; custom_padding_last_edited=&#8221;on|phone&#8221; module_class=&#8221;two-col-mob&#8221; _builder_version=&#8221;4.27.2&#8243; _module_preset=&#8221;default&#8221; custom_padding_tablet=&#8221;20px|100px||100px|false|true&#8221; custom_padding_phone=&#8221;|0px||0px|false|true&#8221; global_colors_info=&#8221;{}&#8221;][et_pb_column type=&#8221;1_4&#8243; _builder_version=&#8221;4.27.2&#8243; _module_preset=&#8221;default&#8221; global_colors_info=&#8221;{}&#8221;][et_pb_blurb title=&#8221;Museer &#038; attraktioner&#8221; url=&#8221;https:\/\/viewstockholm.com\/sv\/se-gora\/museum-attraktioner\/&#8221; image=&#8221;https:\/\/viewstockholm.com\/wp-content\/uploads\/2025\/03\/icon-museums-attractions-category-2.svg&#8221; alt=&#8221;Icon museums &#038; attractions&#8221; image_icon_width=&#8221;55%&#8221; image_last_edited=&#8221;off|desktop&#8221; image_icon_width_tablet=&#8221;60%&#8221; image_icon_width_phone=&#8221;80%&#8221; image_icon_width_last_edited=&#8221;on|tablet&#8221; admin_label=&#8221;Museer &#038; attraktioner&#8221; _builder_version=&#8221;4.27.4&#8243; _module_preset=&#8221;default&#8221; header_font=&#8221;|700|||||||&#8221; header_text_color=&#8221;#5c8cb2&#8243; header_font_size=&#8221;24px&#8221; text_orientation=&#8221;center&#8221; animation=&#8221;off&#8221; link_option_url=&#8221;https:\/\/viewstockholm.com\/sv\/se-gora\/museum-attraktioner\/&#8221; custom_css_blurb_title=&#8221;margin-top: -15px;&#8221; global_colors_info=&#8221;{}&#8221; image__hover_enabled=&#8221;on|hover&#8221; image__hover=&#8221;https:\/\/viewstockholm.com\/wp-content\/uploads\/2025\/03\/icon-museums-attractions-category-hover-2.svg&#8221;][\/et_pb_blurb][\/et_pb_column][et_pb_column type=&#8221;1_4&#8243; _builder_version=&#8221;4.27.2&#8243; _module_preset=&#8221;default&#8221; global_colors_info=&#8221;{}&#8221;][et_pb_blurb title=&#8221;Aktiviteter&#8221; url=&#8221;https:\/\/viewstockholm.com\/sv\/se-gora\/aktiviteter\/&#8221; image=&#8221;https:\/\/viewstockholm.com\/wp-content\/uploads\/2025\/03\/icon-activities-category-2.svg&#8221; alt=&#8221;Icon activities&#8221; image_icon_width=&#8221;55%&#8221; image_last_edited=&#8221;off|desktop&#8221; image_icon_width_tablet=&#8221;60%&#8221; image_icon_width_phone=&#8221;80%&#8221; image_icon_width_last_edited=&#8221;on|tablet&#8221; admin_label=&#8221;Aktiviteter&#8221; _builder_version=&#8221;4.27.4&#8243; _module_preset=&#8221;default&#8221; header_font=&#8221;|700|||||||&#8221; header_text_color=&#8221;#5c8cb2&#8243; header_font_size=&#8221;24px&#8221; text_orientation=&#8221;center&#8221; animation=&#8221;off&#8221; link_option_url=&#8221;https:\/\/viewstockholm.com\/sv\/se-gora\/aktiviteter\/&#8221; custom_css_blurb_title=&#8221;margin-top: -15px;&#8221; global_colors_info=&#8221;{}&#8221; image__hover_enabled=&#8221;on|hover&#8221; image__hover=&#8221;https:\/\/viewstockholm.com\/wp-content\/uploads\/2025\/03\/icon-activities-category-hover-2.svg&#8221;][\/et_pb_blurb][\/et_pb_column][et_pb_column type=&#8221;1_4&#8243; _builder_version=&#8221;4.27.2&#8243; _module_preset=&#8221;default&#8221; custom_padding_tablet=&#8221;30px||||false|false&#8221; custom_padding_phone=&#8221;&#8221; custom_padding_last_edited=&#8221;on|phone&#8221; global_colors_info=&#8221;{}&#8221;][et_pb_blurb title=&#8221;Restauranger&#8221; url=&#8221;https:\/\/viewstockholm.com\/sv\/mat-dryck\/restauranger\/&#8221; image=&#8221;https:\/\/viewstockholm.com\/wp-content\/uploads\/2025\/03\/icon-restaurants-category-2.svg&#8221; alt=&#8221;Icon restaurants&#8221; image_icon_width=&#8221;55%&#8221; image_last_edited=&#8221;off|desktop&#8221; image_icon_width_tablet=&#8221;60%&#8221; image_icon_width_phone=&#8221;80%&#8221; image_icon_width_last_edited=&#8221;on|tablet&#8221; admin_label=&#8221;Restauranger&#8221; _builder_version=&#8221;4.27.4&#8243; _module_preset=&#8221;default&#8221; header_font=&#8221;|700|||||||&#8221; header_text_color=&#8221;#5c8cb2&#8243; header_font_size=&#8221;24px&#8221; text_orientation=&#8221;center&#8221; custom_padding_tablet=&#8221;||||false|false&#8221; custom_padding_phone=&#8221;0px||||false|false&#8221; custom_padding_last_edited=&#8221;off|phone&#8221; animation=&#8221;off&#8221; link_option_url=&#8221;https:\/\/viewstockholm.com\/sv\/mat-dryck\/restauranger\/&#8221; custom_css_blurb_title=&#8221;margin-top: -15px;&#8221; global_colors_info=&#8221;{}&#8221; image__hover_enabled=&#8221;on|hover&#8221; image__hover=&#8221;https:\/\/viewstockholm.com\/wp-content\/uploads\/2025\/03\/icon-restaurants-category-hover-2.svg&#8221;][\/et_pb_blurb][\/et_pb_column][et_pb_column type=&#8221;1_4&#8243; _builder_version=&#8221;4.27.2&#8243; _module_preset=&#8221;default&#8221; custom_padding_tablet=&#8221;30px||||false|false&#8221; custom_padding_phone=&#8221;&#8221; custom_padding_last_edited=&#8221;on|phone&#8221; global_colors_info=&#8221;{}&#8221;][et_pb_blurb title=&#8221;Caf\u00e9er&#8221; url=&#8221;https:\/\/viewstockholm.com\/sv\/mat-dryck\/cafeer\/&#8221; image=&#8221;https:\/\/viewstockholm.com\/wp-content\/uploads\/2025\/03\/icon-cafes-category-2.svg&#8221; alt=&#8221;Icon caf\u00e9s&#8221; image_icon_width=&#8221;55%&#8221; image_last_edited=&#8221;off|desktop&#8221; image_icon_width_tablet=&#8221;60%&#8221; image_icon_width_phone=&#8221;80%&#8221; image_icon_width_last_edited=&#8221;on|tablet&#8221; admin_label=&#8221;Caf\u00e9er&#8221; _builder_version=&#8221;4.27.4&#8243; _module_preset=&#8221;default&#8221; header_font=&#8221;|700|||||||&#8221; header_text_color=&#8221;#5c8cb2&#8243; header_font_size=&#8221;24px&#8221; text_orientation=&#8221;center&#8221; custom_padding_tablet=&#8221;||||false|false&#8221; custom_padding_phone=&#8221;||||false|false&#8221; custom_padding_last_edited=&#8221;off|phone&#8221; animation=&#8221;off&#8221; link_option_url=&#8221;https:\/\/viewstockholm.com\/sv\/mat-dryck\/cafeer\/&#8221; custom_css_blurb_title=&#8221;margin-top: -15px;&#8221; global_colors_info=&#8221;{}&#8221; image__hover_enabled=&#8221;on|hover&#8221; image__hover=&#8221;https:\/\/viewstockholm.com\/wp-content\/uploads\/2025\/03\/icon-cafes-category-hover-2.svg&#8221;][\/et_pb_blurb][\/et_pb_column][\/et_pb_row][et_pb_row column_structure=&#8221;1_4,1_4,1_4,1_4&#8243; custom_padding_last_edited=&#8221;on|desktop&#8221; module_class=&#8221;two-col-mob&#8221; _builder_version=&#8221;4.27.2&#8243; _module_preset=&#8221;default&#8221; custom_padding=&#8221;||0px||false|false&#8221; custom_padding_tablet=&#8221;|100px|0px|100px|false|true&#8221; custom_padding_phone=&#8221;|0px||0px|false|true&#8221; global_colors_info=&#8221;{}&#8221;][et_pb_column type=&#8221;1_4&#8243; _builder_version=&#8221;4.27.2&#8243; _module_preset=&#8221;default&#8221; global_colors_info=&#8221;{}&#8221;][et_pb_blurb title=&#8221;Barer &#038; pubar&#8221; url=&#8221;https:\/\/viewstockholm.com\/sv\/mat-dryck\/barer-pubar\/&#8221; image=&#8221;https:\/\/viewstockholm.com\/wp-content\/uploads\/2025\/03\/icon-bars-pubs-category-2.svg&#8221; alt=&#8221;Icon bars &#038; pubs&#8221; image_icon_width=&#8221;55%&#8221; image_last_edited=&#8221;off|desktop&#8221; image_icon_width_tablet=&#8221;60%&#8221; image_icon_width_phone=&#8221;80%&#8221; image_icon_width_last_edited=&#8221;on|tablet&#8221; admin_label=&#8221;Barer &#038; pubar&#8221; _builder_version=&#8221;4.27.4&#8243; _module_preset=&#8221;default&#8221; header_font=&#8221;|700|||||||&#8221; header_text_color=&#8221;#5c8cb2&#8243; header_font_size=&#8221;24px&#8221; text_orientation=&#8221;center&#8221; animation=&#8221;off&#8221; link_option_url=&#8221;https:\/\/viewstockholm.com\/sv\/mat-dryck\/barer-pubar\/&#8221; custom_css_blurb_title=&#8221;margin-top: -15px;&#8221; global_colors_info=&#8221;{}&#8221; image__hover_enabled=&#8221;on|hover&#8221; image__hover=&#8221;https:\/\/viewstockholm.com\/wp-content\/uploads\/2025\/03\/icon-bars-pubs-category-hover-2.svg&#8221;][\/et_pb_blurb][\/et_pb_column][et_pb_column type=&#8221;1_4&#8243; _builder_version=&#8221;4.27.2&#8243; _module_preset=&#8221;default&#8221; global_colors_info=&#8221;{}&#8221;][et_pb_blurb title=&#8221;Shopping&#8221; url=&#8221;https:\/\/viewstockholm.com\/sv\/shopping\/&#8221; image=&#8221;https:\/\/viewstockholm.com\/wp-content\/uploads\/2025\/03\/icon-shopping-category-2.svg&#8221; alt=&#8221;Icon shopping&#8221; image_icon_width=&#8221;55%&#8221; image_last_edited=&#8221;off|desktop&#8221; image_icon_width_tablet=&#8221;60%&#8221; image_icon_width_phone=&#8221;80%&#8221; image_icon_width_last_edited=&#8221;on|tablet&#8221; admin_label=&#8221;Shopping&#8221; _builder_version=&#8221;4.27.4&#8243; _module_preset=&#8221;default&#8221; header_font=&#8221;|700|||||||&#8221; header_text_color=&#8221;#5c8cb2&#8243; header_font_size=&#8221;24px&#8221; text_orientation=&#8221;center&#8221; animation=&#8221;off&#8221; link_option_url=&#8221;https:\/\/viewstockholm.com\/sv\/shopping\/&#8221; custom_css_blurb_title=&#8221;margin-top: -15px;&#8221; global_colors_info=&#8221;{}&#8221; image__hover_enabled=&#8221;on|hover&#8221; image__hover=&#8221;https:\/\/viewstockholm.com\/wp-content\/uploads\/2025\/03\/icon-shopping-category-hover-2.svg&#8221;][\/et_pb_blurb][\/et_pb_column][et_pb_column type=&#8221;1_4&#8243; _builder_version=&#8221;4.27.2&#8243; _module_preset=&#8221;default&#8221; custom_padding_tablet=&#8221;30px||||false|false&#8221; custom_padding_phone=&#8221;&#8221; custom_padding_last_edited=&#8221;on|desktop&#8221; global_colors_info=&#8221;{}&#8221;][et_pb_blurb title=&#8221;Boende&#8221; url=&#8221;https:\/\/viewstockholm.com\/sv\/bo\/&#8221; image=&#8221;https:\/\/viewstockholm.com\/wp-content\/uploads\/2025\/03\/icon-staying-category-2.svg&#8221; alt=&#8221;Icon staying&#8221; image_icon_width=&#8221;55%&#8221; image_last_edited=&#8221;off|desktop&#8221; image_icon_width_tablet=&#8221;60%&#8221; image_icon_width_phone=&#8221;80%&#8221; image_icon_width_last_edited=&#8221;on|tablet&#8221; admin_label=&#8221;Boende&#8221; _builder_version=&#8221;4.27.4&#8243; _module_preset=&#8221;default&#8221; header_font=&#8221;|700|||||||&#8221; header_text_color=&#8221;#5c8cb2&#8243; header_font_size=&#8221;24px&#8221; text_orientation=&#8221;center&#8221; custom_padding_tablet=&#8221;||||false|false&#8221; custom_padding_phone=&#8221;||||false|false&#8221; custom_padding_last_edited=&#8221;off|tablet&#8221; animation=&#8221;off&#8221; link_option_url=&#8221;https:\/\/viewstockholm.com\/sv\/bo\/&#8221; custom_css_blurb_title=&#8221;margin-top: -15px;&#8221; global_colors_info=&#8221;{}&#8221; image__hover_enabled=&#8221;on|hover&#8221; image__hover=&#8221;https:\/\/viewstockholm.com\/wp-content\/uploads\/2025\/03\/icon-staying-category-hover-2.svg&#8221;][\/et_pb_blurb][\/et_pb_column][et_pb_column type=&#8221;1_4&#8243; _builder_version=&#8221;4.27.2&#8243; _module_preset=&#8221;default&#8221; custom_padding_tablet=&#8221;30px||||false|false&#8221; custom_padding_phone=&#8221;&#8221; custom_padding_last_edited=&#8221;on|desktop&#8221; global_colors_info=&#8221;{}&#8221;][et_pb_blurb title=&#8221;H\u00e4lsa &#038; sk\u00f6nhet&#8221; url=&#8221;https:\/\/viewstockholm.com\/sv\/se-gora\/halsa-skonhet\/&#8221; image=&#8221;https:\/\/viewstockholm.com\/wp-content\/uploads\/2025\/03\/icon-health-beauty-category-2.svg&#8221; alt=&#8221;Icon health &#038; beauty&#8221; image_icon_width=&#8221;55%&#8221; image_last_edited=&#8221;off|desktop&#8221; image_icon_width_tablet=&#8221;60%&#8221; image_icon_width_phone=&#8221;80%&#8221; image_icon_width_last_edited=&#8221;on|tablet&#8221; admin_label=&#8221;H\u00e4lsa &#038; sk\u00f6nhet&#8221; _builder_version=&#8221;4.27.4&#8243; _module_preset=&#8221;default&#8221; header_font=&#8221;|700|||||||&#8221; header_text_color=&#8221;#5c8cb2&#8243; header_font_size=&#8221;24px&#8221; text_orientation=&#8221;center&#8221; custom_padding_tablet=&#8221;||||false|false&#8221; custom_padding_phone=&#8221;||||false|false&#8221; custom_padding_last_edited=&#8221;off|phone&#8221; animation=&#8221;off&#8221; link_option_url=&#8221;https:\/\/viewstockholm.com\/sv\/se-gora\/halsa-skonhet\/&#8221; custom_css_blurb_title=&#8221;margin-top: -15px;&#8221; global_colors_info=&#8221;{}&#8221; image__hover_enabled=&#8221;on|hover&#8221; image__hover=&#8221;https:\/\/viewstockholm.com\/wp-content\/uploads\/2025\/03\/icon-health-beauty-category-hover-2.svg&#8221;][\/et_pb_blurb][\/et_pb_column][\/et_pb_row][\/et_pb_section]<\/p>\n","protected":false},"excerpt":{"rendered":"<p>Se &#038; g\u00f6ra i Stockholm Din guide till stans b\u00e4sta saker att se och g\u00f6raDet senaste Det senaste om vad [&hellip;]<\/p>\n","protected":false},"author":2,"featured_media":0,"parent":0,"menu_order":0,"comment_status":"closed","ping_status":"closed","template":"","meta":{"_et_pb_use_builder":"on","_et_pb_old_content":"","_et_gb_content_width":"","_lmt_disableupdate":"no","_lmt_disable":"","footnotes":""},"class_list":["post-1790","page","type-page","status-publish","hentry"],"acf":[],"_links":{"self":[{"href":"https:\/\/viewstockholm.com\/sv\/wp-json\/wp\/v2\/pages\/1790","targetHints":{"allow":["GET"]}}],"collection":[{"href":"https:\/\/viewstockholm.com\/sv\/wp-json\/wp\/v2\/pages"}],"about":[{"href":"https:\/\/viewstockholm.com\/sv\/wp-json\/wp\/v2\/types\/page"}],"author":[{"embeddable":true,"href":"https:\/\/viewstockholm.com\/sv\/wp-json\/wp\/v2\/users\/2"}],"replies":[{"embeddable":true,"href":"https:\/\/viewstockholm.com\/sv\/wp-json\/wp\/v2\/comments?post=1790"}],"version-history":[{"count":3,"href":"https:\/\/viewstockholm.com\/sv\/wp-json\/wp\/v2\/pages\/1790\/revisions"}],"predecessor-version":[{"id":261241,"href":"https:\/\/viewstockholm.com\/sv\/wp-json\/wp\/v2\/pages\/1790\/revisions\/261241"}],"wp:attachment":[{"href":"https:\/\/viewstockholm.com\/sv\/wp-json\/wp\/v2\/media?parent=1790"}],"curies":[{"name":"wp","href":"https:\/\/api.w.org\/{rel}","templated":true}]}}